{"id":1022,"date":"2024-06-04T21:10:57","date_gmt":"2024-06-04T21:10:57","guid":{"rendered":"http:\/\/www.tv-woringen.de\/?page_id=1022"},"modified":"2025-12-08T20:00:25","modified_gmt":"2025-12-08T20:00:25","slug":"jugend","status":"publish","type":"page","link":"https:\/\/www.tv-woringen.de\/?page_id=1022","title":{"rendered":"Jugend"},"content":{"rendered":"\n<p class=\"has-large-font-size\"><strong><em>Ausflug zum FC Augsburg<\/em><\/strong><\/p>\n\n\n\n<p class=\"has-medium-font-size\"><strong>Woringer Jugendfu\u00dfballer schreien den FC Augsburg zum Sieg<\/strong><\/p>\n\n\n\n<p class=\"has-small-font-size\">Am Samstag, den 06. Dezember, unternahmen die Jugendmannschaften des TV Woringen einen Ausflug zum Bundesligaspiel zwischen dem FC Augsburg und Bayer Leverkusen. Mit zwei Bussen fuhren circa 85 Jugendspieler sowie 15 Trainer und Betreuer in die WWK Arena. Bereits die Busfahrt mit der entsprechenden Stimmung und den richtigen Fu\u00dfballsongs war ein absolutes Highlight. An der Arena angekommen, wurden die Augen vieler Kinder immer gr\u00f6\u00dfer und gr\u00f6\u00dfer und die Vorfreude auf das Spiel stieg ins Unermessliche. Gemeinsam mit den Trainern der einzelnen Mannschaften ging es dann ins Stadion und wir durften direkt hinter dem Tor ab Reihe 5 Platz nehmen. Der FC Augsburg konnte, sicherlich auch durch unsere gute Unterst\u00fctzung, das Spiel mit 2:0 gewinnen. Dieses Ergebnis und die super Stimmung im Stadion machten den Ausflug zu einem unvergesslichen Erlebnis f\u00fcr alle Beteiligten. Alle Kinder und Trainer kamen ohne besondere Vorkommnisse mit bester Stimmung um 19:00 Uhr in Woringen wieder an. Wir ALLE waren der Meinung: \u201eDas war ein super Ausflug und schreit nach Wiederholung!\u201c<br>Hier nun ein paar auserw\u00e4hlte Fotos:<\/p>\n\n\n\n<figure class=\"wp-block-gallery has-nested-images columns-2 wp-block-gallery-1 is-layout-flex wp-block-gallery-is-layout-flex\">\n<figure class=\"wp-block-image size-large\"><img loading=\"lazy\" decoding=\"async\" width=\"1024\" height=\"768\" data-id=\"2734\" src=\"https:\/\/www.tv-woringen.de\/wp-content\/uploads\/2025\/12\/WhatsApp-Bild-2025-12-07-um-19.31.57_90aa0f41-1024x768.jpg\" alt=\"\" class=\"wp-image-2734\" srcset=\"https:\/\/www.tv-woringen.de\/wp-content\/uploads\/2025\/12\/WhatsApp-Bild-2025-12-07-um-19.31.57_90aa0f41-1024x768.jpg 1024w, https:\/\/www.tv-woringen.de\/wp-content\/uploads\/2025\/12\/WhatsApp-Bild-2025-12-07-um-19.31.57_90aa0f41-300x225.jpg 300w, https:\/\/www.tv-woringen.de\/wp-content\/uploads\/2025\/12\/WhatsApp-Bild-2025-12-07-um-19.31.57_90aa0f41-768x576.jpg 768w, https:\/\/www.tv-woringen.de\/wp-content\/uploads\/2025\/12\/WhatsApp-Bild-2025-12-07-um-19.31.57_90aa0f41-1536x1152.jpg 1536w, https:\/\/www.tv-woringen.de\/wp-content\/uploads\/2025\/12\/WhatsApp-Bild-2025-12-07-um-19.31.57_90aa0f41-360x270.jpg 360w, https:\/\/www.tv-woringen.de\/wp-content\/uploads\/2025\/12\/WhatsApp-Bild-2025-12-07-um-19.31.57_90aa0f41.jpg 2048w\" sizes=\"auto, (max-width: 1024px) 100vw, 1024px\" \/><\/figure>\n\n\n\n<figure class=\"wp-block-image size-large\"><img loading=\"lazy\" decoding=\"async\" width=\"768\" height=\"1024\" data-id=\"2731\" src=\"https:\/\/www.tv-woringen.de\/wp-content\/uploads\/2025\/12\/WhatsApp-Bild-2025-12-07-um-19.31.57_957005be-768x1024.jpg\" alt=\"\" class=\"wp-image-2731\" srcset=\"https:\/\/www.tv-woringen.de\/wp-content\/uploads\/2025\/12\/WhatsApp-Bild-2025-12-07-um-19.31.57_957005be-768x1024.jpg 768w, https:\/\/www.tv-woringen.de\/wp-content\/uploads\/2025\/12\/WhatsApp-Bild-2025-12-07-um-19.31.57_957005be-225x300.jpg 225w, https:\/\/www.tv-woringen.de\/wp-content\/uploads\/2025\/12\/WhatsApp-Bild-2025-12-07-um-19.31.57_957005be-1152x1536.jpg 1152w, https:\/\/www.tv-woringen.de\/wp-content\/uploads\/2025\/12\/WhatsApp-Bild-2025-12-07-um-19.31.57_957005be-203x270.jpg 203w, https:\/\/www.tv-woringen.de\/wp-content\/uploads\/2025\/12\/WhatsApp-Bild-2025-12-07-um-19.31.57_957005be.jpg 1536w\" sizes=\"auto, (max-width: 768px) 100vw, 768px\" \/><\/figure>\n\n\n\n<figure class=\"wp-block-image size-large\"><img loading=\"lazy\" decoding=\"async\" width=\"1024\" height=\"768\" data-id=\"2738\" src=\"https:\/\/www.tv-woringen.de\/wp-content\/uploads\/2025\/12\/WhatsApp-Bild-2025-12-07-um-19.31.57_2687719a-1024x768.jpg\" alt=\"\" class=\"wp-image-2738\" srcset=\"https:\/\/www.tv-woringen.de\/wp-content\/uploads\/2025\/12\/WhatsApp-Bild-2025-12-07-um-19.31.57_2687719a-1024x768.jpg 1024w, https:\/\/www.tv-woringen.de\/wp-content\/uploads\/2025\/12\/WhatsApp-Bild-2025-12-07-um-19.31.57_2687719a-300x225.jpg 300w, https:\/\/www.tv-woringen.de\/wp-content\/uploads\/2025\/12\/WhatsApp-Bild-2025-12-07-um-19.31.57_2687719a-768x576.jpg 768w, https:\/\/www.tv-woringen.de\/wp-content\/uploads\/2025\/12\/WhatsApp-Bild-2025-12-07-um-19.31.57_2687719a-1536x1152.jpg 1536w, https:\/\/www.tv-woringen.de\/wp-content\/uploads\/2025\/12\/WhatsApp-Bild-2025-12-07-um-19.31.57_2687719a-360x270.jpg 360w, https:\/\/www.tv-woringen.de\/wp-content\/uploads\/2025\/12\/WhatsApp-Bild-2025-12-07-um-19.31.57_2687719a.jpg 2048w\" sizes=\"auto, (max-width: 1024px) 100vw, 1024px\" \/><\/figure>\n\n\n\n<figure class=\"wp-block-image size-large\"><img loading=\"lazy\" decoding=\"async\" width=\"1024\" height=\"768\" data-id=\"2732\" src=\"https:\/\/www.tv-woringen.de\/wp-content\/uploads\/2025\/12\/WhatsApp-Bild-2025-12-06-um-18.41.29_550eb9c7-1024x768.jpg\" alt=\"\" class=\"wp-image-2732\" srcset=\"https:\/\/www.tv-woringen.de\/wp-content\/uploads\/2025\/12\/WhatsApp-Bild-2025-12-06-um-18.41.29_550eb9c7-1024x768.jpg 1024w, https:\/\/www.tv-woringen.de\/wp-content\/uploads\/2025\/12\/WhatsApp-Bild-2025-12-06-um-18.41.29_550eb9c7-300x225.jpg 300w, https:\/\/www.tv-woringen.de\/wp-content\/uploads\/2025\/12\/WhatsApp-Bild-2025-12-06-um-18.41.29_550eb9c7-768x576.jpg 768w, https:\/\/www.tv-woringen.de\/wp-content\/uploads\/2025\/12\/WhatsApp-Bild-2025-12-06-um-18.41.29_550eb9c7-1536x1152.jpg 1536w, https:\/\/www.tv-woringen.de\/wp-content\/uploads\/2025\/12\/WhatsApp-Bild-2025-12-06-um-18.41.29_550eb9c7-360x270.jpg 360w, https:\/\/www.tv-woringen.de\/wp-content\/uploads\/2025\/12\/WhatsApp-Bild-2025-12-06-um-18.41.29_550eb9c7.jpg 2048w\" sizes=\"auto, (max-width: 1024px) 100vw, 1024px\" \/><\/figure>\n\n\n\n<figure class=\"wp-block-image size-large\"><img loading=\"lazy\" decoding=\"async\" width=\"1024\" height=\"768\" data-id=\"2728\" src=\"https:\/\/www.tv-woringen.de\/wp-content\/uploads\/2025\/12\/WhatsApp-Bild-2025-12-06-um-18.50.42_17f71edb-1024x768.jpg\" alt=\"\" class=\"wp-image-2728\" srcset=\"https:\/\/www.tv-woringen.de\/wp-content\/uploads\/2025\/12\/WhatsApp-Bild-2025-12-06-um-18.50.42_17f71edb-1024x768.jpg 1024w, https:\/\/www.tv-woringen.de\/wp-content\/uploads\/2025\/12\/WhatsApp-Bild-2025-12-06-um-18.50.42_17f71edb-300x225.jpg 300w, https:\/\/www.tv-woringen.de\/wp-content\/uploads\/2025\/12\/WhatsApp-Bild-2025-12-06-um-18.50.42_17f71edb-768x576.jpg 768w, https:\/\/www.tv-woringen.de\/wp-content\/uploads\/2025\/12\/WhatsApp-Bild-2025-12-06-um-18.50.42_17f71edb-1536x1152.jpg 1536w, https:\/\/www.tv-woringen.de\/wp-content\/uploads\/2025\/12\/WhatsApp-Bild-2025-12-06-um-18.50.42_17f71edb-360x270.jpg 360w, https:\/\/www.tv-woringen.de\/wp-content\/uploads\/2025\/12\/WhatsApp-Bild-2025-12-06-um-18.50.42_17f71edb.jpg 1600w\" sizes=\"auto, (max-width: 1024px) 100vw, 1024px\" \/><\/figure>\n\n\n\n<figure class=\"wp-block-image size-large\"><img loading=\"lazy\" decoding=\"async\" width=\"1024\" height=\"768\" data-id=\"2729\" src=\"https:\/\/www.tv-woringen.de\/wp-content\/uploads\/2025\/12\/WhatsApp-Bild-2025-12-07-um-19.31.57_2050c851-1024x768.jpg\" alt=\"\" class=\"wp-image-2729\" srcset=\"https:\/\/www.tv-woringen.de\/wp-content\/uploads\/2025\/12\/WhatsApp-Bild-2025-12-07-um-19.31.57_2050c851-1024x768.jpg 1024w, https:\/\/www.tv-woringen.de\/wp-content\/uploads\/2025\/12\/WhatsApp-Bild-2025-12-07-um-19.31.57_2050c851-300x225.jpg 300w, https:\/\/www.tv-woringen.de\/wp-content\/uploads\/2025\/12\/WhatsApp-Bild-2025-12-07-um-19.31.57_2050c851-768x576.jpg 768w, https:\/\/www.tv-woringen.de\/wp-content\/uploads\/2025\/12\/WhatsApp-Bild-2025-12-07-um-19.31.57_2050c851-1536x1152.jpg 1536w, https:\/\/www.tv-woringen.de\/wp-content\/uploads\/2025\/12\/WhatsApp-Bild-2025-12-07-um-19.31.57_2050c851-360x270.jpg 360w, https:\/\/www.tv-woringen.de\/wp-content\/uploads\/2025\/12\/WhatsApp-Bild-2025-12-07-um-19.31.57_2050c851.jpg 2048w\" sizes=\"auto, (max-width: 1024px) 100vw, 1024px\" \/><\/figure>\n\n\n\n<figure class=\"wp-block-image size-large\"><img loading=\"lazy\" decoding=\"async\" width=\"1024\" height=\"768\" data-id=\"2736\" src=\"https:\/\/www.tv-woringen.de\/wp-content\/uploads\/2025\/12\/WhatsApp-Bild-2025-12-07-um-19.31.57_a4cca265-1024x768.jpg\" alt=\"\" class=\"wp-image-2736\" srcset=\"https:\/\/www.tv-woringen.de\/wp-content\/uploads\/2025\/12\/WhatsApp-Bild-2025-12-07-um-19.31.57_a4cca265-1024x768.jpg 1024w, https:\/\/www.tv-woringen.de\/wp-content\/uploads\/2025\/12\/WhatsApp-Bild-2025-12-07-um-19.31.57_a4cca265-300x225.jpg 300w, https:\/\/www.tv-woringen.de\/wp-content\/uploads\/2025\/12\/WhatsApp-Bild-2025-12-07-um-19.31.57_a4cca265-768x576.jpg 768w, https:\/\/www.tv-woringen.de\/wp-content\/uploads\/2025\/12\/WhatsApp-Bild-2025-12-07-um-19.31.57_a4cca265-1536x1152.jpg 1536w, https:\/\/www.tv-woringen.de\/wp-content\/uploads\/2025\/12\/WhatsApp-Bild-2025-12-07-um-19.31.57_a4cca265-360x270.jpg 360w, https:\/\/www.tv-woringen.de\/wp-content\/uploads\/2025\/12\/WhatsApp-Bild-2025-12-07-um-19.31.57_a4cca265.jpg 2048w\" sizes=\"auto, (max-width: 1024px) 100vw, 1024px\" \/><\/figure>\n\n\n\n<figure class=\"wp-block-image size-large\"><img loading=\"lazy\" decoding=\"async\" width=\"1024\" height=\"768\" data-id=\"2733\" src=\"https:\/\/www.tv-woringen.de\/wp-content\/uploads\/2025\/12\/WhatsApp-Bild-2025-12-07-um-19.31.57_ffd67bbc-1024x768.jpg\" alt=\"\" class=\"wp-image-2733\" srcset=\"https:\/\/www.tv-woringen.de\/wp-content\/uploads\/2025\/12\/WhatsApp-Bild-2025-12-07-um-19.31.57_ffd67bbc-1024x768.jpg 1024w, https:\/\/www.tv-woringen.de\/wp-content\/uploads\/2025\/12\/WhatsApp-Bild-2025-12-07-um-19.31.57_ffd67bbc-300x225.jpg 300w, https:\/\/www.tv-woringen.de\/wp-content\/uploads\/2025\/12\/WhatsApp-Bild-2025-12-07-um-19.31.57_ffd67bbc-768x576.jpg 768w, https:\/\/www.tv-woringen.de\/wp-content\/uploads\/2025\/12\/WhatsApp-Bild-2025-12-07-um-19.31.57_ffd67bbc-1536x1152.jpg 1536w, https:\/\/www.tv-woringen.de\/wp-content\/uploads\/2025\/12\/WhatsApp-Bild-2025-12-07-um-19.31.57_ffd67bbc-360x270.jpg 360w, https:\/\/www.tv-woringen.de\/wp-content\/uploads\/2025\/12\/WhatsApp-Bild-2025-12-07-um-19.31.57_ffd67bbc.jpg 2048w\" sizes=\"auto, (max-width: 1024px) 100vw, 1024px\" \/><\/figure>\n\n\n\n<figure class=\"wp-block-image size-large\"><img loading=\"lazy\" decoding=\"async\" width=\"768\" height=\"1024\" data-id=\"2737\" src=\"https:\/\/www.tv-woringen.de\/wp-content\/uploads\/2025\/12\/WhatsApp-Bild-2025-12-07-um-19.31.58_1d08b3cc-768x1024.jpg\" alt=\"\" class=\"wp-image-2737\" srcset=\"https:\/\/www.tv-woringen.de\/wp-content\/uploads\/2025\/12\/WhatsApp-Bild-2025-12-07-um-19.31.58_1d08b3cc-768x1024.jpg 768w, https:\/\/www.tv-woringen.de\/wp-content\/uploads\/2025\/12\/WhatsApp-Bild-2025-12-07-um-19.31.58_1d08b3cc-225x300.jpg 225w, https:\/\/www.tv-woringen.de\/wp-content\/uploads\/2025\/12\/WhatsApp-Bild-2025-12-07-um-19.31.58_1d08b3cc-1152x1536.jpg 1152w, https:\/\/www.tv-woringen.de\/wp-content\/uploads\/2025\/12\/WhatsApp-Bild-2025-12-07-um-19.31.58_1d08b3cc-203x270.jpg 203w, https:\/\/www.tv-woringen.de\/wp-content\/uploads\/2025\/12\/WhatsApp-Bild-2025-12-07-um-19.31.58_1d08b3cc.jpg 1536w\" sizes=\"auto, (max-width: 768px) 100vw, 768px\" \/><\/figure>\n\n\n\n<figure class=\"wp-block-image size-large\"><img loading=\"lazy\" decoding=\"async\" width=\"1024\" height=\"438\" data-id=\"2735\" src=\"https:\/\/www.tv-woringen.de\/wp-content\/uploads\/2025\/12\/WhatsApp-Bild-2025-12-07-um-19.31.58_58c01b16-1024x438.jpg\" alt=\"\" class=\"wp-image-2735\" srcset=\"https:\/\/www.tv-woringen.de\/wp-content\/uploads\/2025\/12\/WhatsApp-Bild-2025-12-07-um-19.31.58_58c01b16-1024x438.jpg 1024w, https:\/\/www.tv-woringen.de\/wp-content\/uploads\/2025\/12\/WhatsApp-Bild-2025-12-07-um-19.31.58_58c01b16-300x128.jpg 300w, https:\/\/www.tv-woringen.de\/wp-content\/uploads\/2025\/12\/WhatsApp-Bild-2025-12-07-um-19.31.58_58c01b16-768x329.jpg 768w, https:\/\/www.tv-woringen.de\/wp-content\/uploads\/2025\/12\/WhatsApp-Bild-2025-12-07-um-19.31.58_58c01b16-1536x657.jpg 1536w, https:\/\/www.tv-woringen.de\/wp-content\/uploads\/2025\/12\/WhatsApp-Bild-2025-12-07-um-19.31.58_58c01b16-604x258.jpg 604w, https:\/\/www.tv-woringen.de\/wp-content\/uploads\/2025\/12\/WhatsApp-Bild-2025-12-07-um-19.31.58_58c01b16.jpg 2048w\" sizes=\"auto, (max-width: 1024px) 100vw, 1024px\" \/><\/figure>\n\n\n\n<figure class=\"wp-block-image size-large\"><img loading=\"lazy\" decoding=\"async\" width=\"1024\" height=\"584\" data-id=\"2739\" src=\"https:\/\/www.tv-woringen.de\/wp-content\/uploads\/2025\/12\/Screenshot-2025-12-08-205926-1024x584.png\" alt=\"\" class=\"wp-image-2739\" srcset=\"https:\/\/www.tv-woringen.de\/wp-content\/uploads\/2025\/12\/Screenshot-2025-12-08-205926-1024x584.png 1024w, https:\/\/www.tv-woringen.de\/wp-content\/uploads\/2025\/12\/Screenshot-2025-12-08-205926-300x171.png 300w, https:\/\/www.tv-woringen.de\/wp-content\/uploads\/2025\/12\/Screenshot-2025-12-08-205926-768x438.png 768w, https:\/\/www.tv-woringen.de\/wp-content\/uploads\/2025\/12\/Screenshot-2025-12-08-205926-473x270.png 473w, https:\/\/www.tv-woringen.de\/wp-content\/uploads\/2025\/12\/Screenshot-2025-12-08-205926.png 1451w\" sizes=\"auto, (max-width: 1024px) 100vw, 1024px\" \/><\/figure>\n<\/figure>\n","protected":false},"excerpt":{"rendered":"<p>Ausflug zum FC Augsburg Woringer Jugendfu\u00dfballer schreien den FC Augsburg zum Sieg Am Samstag, den 06. Dezember, unternahmen die Jugendmannschaften des TV Woringen einen Ausflug zum Bundesligaspiel zwischen dem FC Augsburg und Bayer Leverkusen. Mit zwei Bussen fuhren circa 85 Jugendspieler sowie 15 Trainer und Betreuer in die WWK Arena. Bereits die Busfahrt mit der entsprechenden Stimmung und den richtigen Fu\u00dfballsongs war ein absolutes Highlight. An der Arena angekommen, wurden die Augen vieler Kinder immer gr\u00f6\u00dfer und gr\u00f6\u00dfer und die&#8230;<\/p>\n<p class=\"read-more\"><a class=\"btn btn-default\" href=\"https:\/\/www.tv-woringen.de\/?page_id=1022\">Weiterlesen<span class=\"screen-reader-text\"> Weiterlesen<\/span><\/a><\/p>\n","protected":false},"author":1,"featured_media":0,"parent":0,"menu_order":0,"comment_status":"closed","ping_status":"closed","template":"","meta":{"footnotes":""},"class_list":["post-1022","page","type-page","status-publish","hentry"],"_links":{"self":[{"href":"https:\/\/www.tv-woringen.de\/index.php?rest_route=\/wp\/v2\/pages\/1022","targetHints":{"allow":["GET"]}}],"collection":[{"href":"https:\/\/www.tv-woringen.de\/index.php?rest_route=\/wp\/v2\/pages"}],"about":[{"href":"https:\/\/www.tv-woringen.de\/index.php?rest_route=\/wp\/v2\/types\/page"}],"author":[{"embeddable":true,"href":"https:\/\/www.tv-woringen.de\/index.php?rest_route=\/wp\/v2\/users\/1"}],"replies":[{"embeddable":true,"href":"https:\/\/www.tv-woringen.de\/index.php?rest_route=%2Fwp%2Fv2%2Fcomments&post=1022"}],"version-history":[{"count":3,"href":"https:\/\/www.tv-woringen.de\/index.php?rest_route=\/wp\/v2\/pages\/1022\/revisions"}],"predecessor-version":[{"id":2740,"href":"https:\/\/www.tv-woringen.de\/index.php?rest_route=\/wp\/v2\/pages\/1022\/revisions\/2740"}],"wp:attachment":[{"href":"https:\/\/www.tv-woringen.de\/index.php?rest_route=%2Fwp%2Fv2%2Fmedia&parent=1022"}],"curies":[{"name":"wp","href":"https:\/\/api.w.org\/{rel}","templated":true}]}}