{"id":1187,"date":"2024-06-15T21:38:30","date_gmt":"2024-06-15T21:38:30","guid":{"rendered":"http:\/\/www.tv-woringen.de\/?page_id=1187"},"modified":"2024-11-17T14:14:49","modified_gmt":"2024-11-17T14:14:49","slug":"herren-4er","status":"publish","type":"page","link":"https:\/\/www.tv-woringen.de\/?page_id=1187","title":{"rendered":"Herren (4-er)"},"content":{"rendered":"\n<figure class=\"wp-block-image size-large\"><img loading=\"lazy\" decoding=\"async\" width=\"1024\" height=\"469\" src=\"http:\/\/www.tv-woringen.de\/wp-content\/uploads\/2024\/09\/TV-Woringen-TTT-bearb-1024x469.jpg\" alt=\"\" class=\"wp-image-1447\" srcset=\"https:\/\/www.tv-woringen.de\/wp-content\/uploads\/2024\/09\/TV-Woringen-TTT-bearb-1024x469.jpg 1024w, https:\/\/www.tv-woringen.de\/wp-content\/uploads\/2024\/09\/TV-Woringen-TTT-bearb-300x137.jpg 300w, https:\/\/www.tv-woringen.de\/wp-content\/uploads\/2024\/09\/TV-Woringen-TTT-bearb-768x351.jpg 768w, https:\/\/www.tv-woringen.de\/wp-content\/uploads\/2024\/09\/TV-Woringen-TTT-bearb-1536x703.jpg 1536w, https:\/\/www.tv-woringen.de\/wp-content\/uploads\/2024\/09\/TV-Woringen-TTT-bearb-590x270.jpg 590w, https:\/\/www.tv-woringen.de\/wp-content\/uploads\/2024\/09\/TV-Woringen-TTT-bearb.jpg 1591w\" sizes=\"auto, (max-width: 1024px) 100vw, 1024px\" \/><\/figure>\n\n\n\n<p class=\"has-small-font-size\">Unser Team von links: Norbert Sch\u00f6lhorn, Roland Gl\u00f6ckle, Carsten Hardt und Marc Pfalzer<\/p>\n\n\n\n<hr class=\"wp-block-separator has-text-color has-white-color has-alpha-channel-opacity has-white-background-color has-background is-style-dots\"\/>\n\n\n\n<h2 class=\"wp-block-heading has-medium-font-size\">Ansprechpartner<\/h2>\n\n\n\n<figure class=\"wp-block-table has-small-font-size\"><table class=\"has-fixed-layout\"><thead><tr><th>Funktion<\/th><th>Name<\/th><th>Vorname<\/th><th>E-Mail<\/th><th>Mobiltelefon<\/th><\/tr><\/thead><tbody><tr><td>Mannschaftsf\u00fchrer<\/td><td>Hardt<\/td><td>Carsten<\/td><td><\/td><td>01799213528<\/td><\/tr><tr><td><\/td><td><\/td><td><\/td><td><\/td><td><\/td><\/tr><tr><td><\/td><td><\/td><td><\/td><td><\/td><td><\/td><\/tr><tr><td><\/td><td><\/td><td><\/td><td><\/td><td><\/td><\/tr><\/tbody><\/table><\/figure>\n\n\n\n<hr class=\"wp-block-separator has-text-color has-white-color has-alpha-channel-opacity has-white-background-color has-background is-style-dots\"\/>\n\n\n\n<h2 class=\"wp-block-heading has-medium-font-size\">Trainingszeiten<\/h2>\n\n\n\n<figure class=\"wp-block-table has-small-font-size\"><table class=\"has-fixed-layout\"><thead><tr><th>Wochentag<\/th><th class=\"has-text-align-center\" data-align=\"center\">Beginn<\/th><th class=\"has-text-align-center\" data-align=\"center\">Ende<\/th><th>Trainingsort<\/th><\/tr><\/thead><tbody><tr><td>Montag<\/td><td class=\"has-text-align-center\" data-align=\"center\">19:30<\/td><td class=\"has-text-align-center\" data-align=\"center\">21:30<\/td><td>Turnhalle Woringen<\/td><\/tr><tr><td>Freitag<\/td><td class=\"has-text-align-center\" data-align=\"center\">19:30<\/td><td class=\"has-text-align-center\" data-align=\"center\">21:30<\/td><td>Turnhalle Woringen<\/td><\/tr><tr><td><\/td><td class=\"has-text-align-center\" data-align=\"center\"><\/td><td class=\"has-text-align-center\" data-align=\"center\"><\/td><td><\/td><\/tr><tr><td><\/td><td class=\"has-text-align-center\" data-align=\"center\"><\/td><td class=\"has-text-align-center\" data-align=\"center\"><\/td><td><\/td><\/tr><\/tbody><\/table><\/figure>\n\n\n\n<hr class=\"wp-block-separator has-text-color has-white-color has-alpha-channel-opacity has-white-background-color has-background is-style-dots\"\/>\n\n\n\n<h2 class=\"wp-block-heading has-medium-font-size\">Spielplan und Tabelle<\/h2>\n\n\n\n<p class=\"has-small-font-size\">So sieht es derzeit aus<\/p>\n\n\n\n<hr class=\"wp-block-separator has-text-color has-white-color has-alpha-channel-opacity has-white-background-color has-background is-style-dots\"\/>\n\n\n\n<h2 class=\"wp-block-heading has-medium-font-size\">News<\/h2>\n\n\n\n<figure class=\"wp-block-table has-small-font-size\"><table><thead><tr><th>Datum<\/th><th>Was ist passiert?<\/th><\/tr><\/thead><tbody><tr><td>01.06.2024<\/td><td>Die Saison wurde beendet<\/td><\/tr><tr><td>15.11.2024<\/td><td>Tabellenf\u00fchrung gefestigt<\/td><\/tr><tr><td><\/td><td><\/td><\/tr><tr><td><\/td><td><\/td><\/tr><tr><td><\/td><td><\/td><\/tr><tr><td><\/td><td><\/td><\/tr><tr><td><\/td><td><\/td><\/tr><\/tbody><\/table><\/figure>\n\n\n\n<hr class=\"wp-block-separator has-text-color has-white-color has-alpha-channel-opacity has-white-background-color has-background is-style-dots\"\/>\n","protected":false},"excerpt":{"rendered":"<p>Unser Team von links: Norbert Sch\u00f6lhorn, Roland Gl\u00f6ckle, Carsten Hardt und Marc Pfalzer Ansprechpartner Funktion Name Vorname E-Mail Mobiltelefon Mannschaftsf\u00fchrer Hardt Carsten 01799213528 Trainingszeiten Wochentag Beginn Ende Trainingsort Montag 19:30 21:30 Turnhalle Woringen Freitag 19:30 21:30 Turnhalle Woringen Spielplan und Tabelle So sieht es derzeit aus News Datum Was ist passiert? 01.06.2024 Die Saison wurde beendet 15.11.2024 Tabellenf\u00fchrung gefestigt<\/p>\n","protected":false},"author":1,"featured_media":0,"parent":0,"menu_order":0,"comment_status":"closed","ping_status":"closed","template":"","meta":{"footnotes":""},"class_list":["post-1187","page","type-page","status-publish","hentry"],"_links":{"self":[{"href":"https:\/\/www.tv-woringen.de\/index.php?rest_route=\/wp\/v2\/pages\/1187","targetHints":{"allow":["GET"]}}],"collection":[{"href":"https:\/\/www.tv-woringen.de\/index.php?rest_route=\/wp\/v2\/pages"}],"about":[{"href":"https:\/\/www.tv-woringen.de\/index.php?rest_route=\/wp\/v2\/types\/page"}],"author":[{"embeddable":true,"href":"https:\/\/www.tv-woringen.de\/index.php?rest_route=\/wp\/v2\/users\/1"}],"replies":[{"embeddable":true,"href":"https:\/\/www.tv-woringen.de\/index.php?rest_route=%2Fwp%2Fv2%2Fcomments&post=1187"}],"version-history":[{"count":12,"href":"https:\/\/www.tv-woringen.de\/index.php?rest_route=\/wp\/v2\/pages\/1187\/revisions"}],"predecessor-version":[{"id":1921,"href":"https:\/\/www.tv-woringen.de\/index.php?rest_route=\/wp\/v2\/pages\/1187\/revisions\/1921"}],"wp:attachment":[{"href":"https:\/\/www.tv-woringen.de\/index.php?rest_route=%2Fwp%2Fv2%2Fmedia&parent=1187"}],"curies":[{"name":"wp","href":"https:\/\/api.w.org\/{rel}","templated":true}]}}