{"id":134,"date":"2024-04-07T19:33:43","date_gmt":"2024-04-07T19:33:43","guid":{"rendered":"http:\/\/www.tv-woringen.de\/?page_id=134"},"modified":"2024-09-09T06:35:56","modified_gmt":"2024-09-09T06:35:56","slug":"gesamtvorstand","status":"publish","type":"page","link":"https:\/\/www.tv-woringen.de\/?page_id=134","title":{"rendered":"Gesamtvorstand"},"content":{"rendered":"\n<figure class=\"wp-block-table is-style-regular has-small-font-size\"><table><thead><tr><th class=\"has-text-align-left\" data-align=\"left\">Funktion<\/th><th>Name<\/th><th>Vorname<\/th><th>E-Mailadresse<\/th><th>Telefon<\/th><\/tr><\/thead><tbody><tr><td class=\"has-text-align-left\" data-align=\"left\">1. Vorstand<\/td><td>Kle\u00df<\/td><td>Manfred<\/td><td>manfred.kless@gmx.de<\/td><td>0173-3835804<\/td><\/tr><tr><td class=\"has-text-align-left\" data-align=\"left\">2. Vorstand<\/td><td>Schneider<\/td><td>Wilfried<\/td><td>wilfried.rudolf.schneider@web.de<\/td><td>08331-981372<\/td><\/tr><tr><td class=\"has-text-align-left\" data-align=\"left\">Schatzmeister<\/td><td>Tobler<\/td><td>Manfred<\/td><td>manfred.tobler@web.de<\/td><td>0178 &#8211; 5113481<\/td><\/tr><tr><td class=\"has-text-align-left\" data-align=\"left\">Schriftf\u00fchrerin<\/td><td>Fickler<\/td><td>Claudia<\/td><td>cwf.woringen@gmx.de<\/td><td>08331-496914<\/td><\/tr><tr><td class=\"has-text-align-left\" data-align=\"left\">1. Beisitzer<\/td><td>Wei\u00df<\/td><td>Manuel<\/td><td>m.weiss12@gmx.de<\/td><td>0175-4030524<\/td><\/tr><tr><td class=\"has-text-align-left\" data-align=\"left\">2. Beisitzer<\/td><td>Eberle<\/td><td>Manfred<\/td><td>eberlemanfred@yahoo.de<\/td><td>0162-6923865<\/td><\/tr><tr><td class=\"has-text-align-left\" data-align=\"left\">3. Beisitzerin<\/td><td>M\u00fccke<\/td><td>Manuela<\/td><td>tueren.muecke@web.de<\/td><td>0163-8287199<\/td><\/tr><\/tbody><\/table><\/figure>\n","protected":false},"excerpt":{"rendered":"<p>Funktion Name Vorname E-Mailadresse Telefon 1. Vorstand Kle\u00df Manfred manfred.kless@gmx.de 0173-3835804 2. Vorstand Schneider Wilfried wilfried.rudolf.schneider@web.de 08331-981372 Schatzmeister Tobler Manfred manfred.tobler@web.de 0178 &#8211; 5113481 Schriftf\u00fchrerin Fickler Claudia cwf.woringen@gmx.de 08331-496914 1. Beisitzer Wei\u00df Manuel m.weiss12@gmx.de 0175-4030524 2. Beisitzer Eberle Manfred eberlemanfred@yahoo.de 0162-6923865 3. Beisitzerin M\u00fccke Manuela tueren.muecke@web.de 0163-8287199<\/p>\n","protected":false},"author":1,"featured_media":0,"parent":0,"menu_order":0,"comment_status":"closed","ping_status":"closed","template":"","meta":{"footnotes":""},"class_list":["post-134","page","type-page","status-publish","hentry"],"_links":{"self":[{"href":"https:\/\/www.tv-woringen.de\/index.php?rest_route=\/wp\/v2\/pages\/134","targetHints":{"allow":["GET"]}}],"collection":[{"href":"https:\/\/www.tv-woringen.de\/index.php?rest_route=\/wp\/v2\/pages"}],"about":[{"href":"https:\/\/www.tv-woringen.de\/index.php?rest_route=\/wp\/v2\/types\/page"}],"author":[{"embeddable":true,"href":"https:\/\/www.tv-woringen.de\/index.php?rest_route=\/wp\/v2\/users\/1"}],"replies":[{"embeddable":true,"href":"https:\/\/www.tv-woringen.de\/index.php?rest_route=%2Fwp%2Fv2%2Fcomments&post=134"}],"version-history":[{"count":9,"href":"https:\/\/www.tv-woringen.de\/index.php?rest_route=\/wp\/v2\/pages\/134\/revisions"}],"predecessor-version":[{"id":1468,"href":"https:\/\/www.tv-woringen.de\/index.php?rest_route=\/wp\/v2\/pages\/134\/revisions\/1468"}],"wp:attachment":[{"href":"https:\/\/www.tv-woringen.de\/index.php?rest_route=%2Fwp%2Fv2%2Fmedia&parent=134"}],"curies":[{"name":"wp","href":"https:\/\/api.w.org\/{rel}","templated":true}]}}