{"id":1532,"date":"2024-09-30T18:25:16","date_gmt":"2024-09-30T18:25:16","guid":{"rendered":"https:\/\/www.tv-woringen.de\/?page_id=1532"},"modified":"2024-10-01T18:13:02","modified_gmt":"2024-10-01T18:13:02","slug":"vorstandschaft-tennis","status":"publish","type":"page","link":"https:\/\/www.tv-woringen.de\/?page_id=1532","title":{"rendered":"Vorstandschaft Tennis"},"content":{"rendered":"\n<figure class=\"wp-block-table has-small-font-size\"><table><tbody><tr><td>Name<\/td><td>Funktion<\/td><td>E-Mail<\/td><td>Telefon<\/td><td>Anschrift<\/td><\/tr><tr><td>Richard Wei\u00dfenhorn<\/td><td>1. Abteilungsleiter<\/td><td>richardwei66@yahoo.de<\/td><td>015110605425<\/td><td>Hinter den G\u00e4rten 40, 87789 Woringen<\/td><\/tr><tr><td>Ute Kolb<\/td><td>2. Abteilungsleiter<\/td><td>ute.anna.kolb@web.de<\/td><td>017419630404<\/td><td>Rotensteinstr. 20, 87789 Woringen<\/td><\/tr><tr><td>Karin Wilhelm<\/td><td>Kassier<\/td><td>karin.zettler@web.de<\/td><td>083314987957<\/td><td>Postweg 34, 87789 Woringen<\/td><\/tr><tr><td>Birgit Entesperger<\/td><td>Sportwart<\/td><td>birgit.entesperger@web.de<\/td><td>01709325180<\/td><td><\/td><\/tr><tr><td>Dunja Bleilinger<\/td><td>Jugendwart<\/td><td>nockout@bleilinger.de<\/td><td>01756050147<\/td><td>Hinter den G\u00e4rten 4, 87789 Woringen<\/td><\/tr><tr><td>Lisa D\u00fcnkel<\/td><td>Schriftf\u00fchrerin<\/td><td>lisaweiss89@gmx.de<\/td><td>017620250370<\/td><td>Langenmahd 4, 87789 Woringen<\/td><\/tr><tr><td>Gerhard Kutz<\/td><td>1. Beisitzer<\/td><td>gerhard.kutz@web.de<\/td><td>016097934715<\/td><td>Hinter den G\u00e4rten 7, 87789 Woringen<\/td><\/tr><tr><td>Thomas Renz<\/td><td>2. Beisitzer<\/td><td><\/td><td>0171735017<\/td><td><\/td><\/tr><\/tbody><\/table><\/figure>\n\n\n\n<p><a href=\"https:\/\/www.tv-woringen.de\/?cat=14\" target=\"_blank\" rel=\"noreferrer noopener\">Aktuelles<\/a><\/p>\n\n\n\n<p><\/p>\n","protected":false},"excerpt":{"rendered":"<p>Name Funktion E-Mail Telefon Anschrift Richard Wei\u00dfenhorn 1. Abteilungsleiter richardwei66@yahoo.de 015110605425 Hinter den G\u00e4rten 40, 87789 Woringen Ute Kolb 2. Abteilungsleiter ute.anna.kolb@web.de 017419630404 Rotensteinstr. 20, 87789 Woringen Karin Wilhelm Kassier karin.zettler@web.de 083314987957 Postweg 34, 87789 Woringen Birgit Entesperger Sportwart birgit.entesperger@web.de 01709325180 Dunja Bleilinger Jugendwart nockout@bleilinger.de 01756050147 Hinter den G\u00e4rten 4, 87789 Woringen Lisa D\u00fcnkel Schriftf\u00fchrerin lisaweiss89@gmx.de 017620250370 Langenmahd 4, 87789 Woringen Gerhard Kutz 1. Beisitzer gerhard.kutz@web.de 016097934715 Hinter den G\u00e4rten 7, 87789 Woringen Thomas Renz 2. Beisitzer 0171735017 Aktuelles<\/p>\n","protected":false},"author":1,"featured_media":0,"parent":0,"menu_order":0,"comment_status":"closed","ping_status":"closed","template":"","meta":{"footnotes":""},"class_list":["post-1532","page","type-page","status-publish","hentry"],"_links":{"self":[{"href":"https:\/\/www.tv-woringen.de\/index.php?rest_route=\/wp\/v2\/pages\/1532","targetHints":{"allow":["GET"]}}],"collection":[{"href":"https:\/\/www.tv-woringen.de\/index.php?rest_route=\/wp\/v2\/pages"}],"about":[{"href":"https:\/\/www.tv-woringen.de\/index.php?rest_route=\/wp\/v2\/types\/page"}],"author":[{"embeddable":true,"href":"https:\/\/www.tv-woringen.de\/index.php?rest_route=\/wp\/v2\/users\/1"}],"replies":[{"embeddable":true,"href":"https:\/\/www.tv-woringen.de\/index.php?rest_route=%2Fwp%2Fv2%2Fcomments&post=1532"}],"version-history":[{"count":6,"href":"https:\/\/www.tv-woringen.de\/index.php?rest_route=\/wp\/v2\/pages\/1532\/revisions"}],"predecessor-version":[{"id":1558,"href":"https:\/\/www.tv-woringen.de\/index.php?rest_route=\/wp\/v2\/pages\/1532\/revisions\/1558"}],"wp:attachment":[{"href":"https:\/\/www.tv-woringen.de\/index.php?rest_route=%2Fwp%2Fv2%2Fmedia&parent=1532"}],"curies":[{"name":"wp","href":"https:\/\/api.w.org\/{rel}","templated":true}]}}