{"id":1694,"date":"2024-11-02T21:22:54","date_gmt":"2024-11-02T21:22:54","guid":{"rendered":"https:\/\/www.tv-woringen.de\/?page_id=1694"},"modified":"2024-11-02T21:23:42","modified_gmt":"2024-11-02T21:23:42","slug":"chronik","status":"publish","type":"page","link":"https:\/\/www.tv-woringen.de\/?page_id=1694","title":{"rendered":"Chronik"},"content":{"rendered":"\n<p>Der Turnverein Woringen 1924 e.V. feiert in diesem Jahr sein 100-j\u00e4hriges Jubil\u00e4um. Dem Idealismus von mehreren Generationen ist es zu verdanken, dass sich der Verein aus bescheidenen Anf\u00e4ngen zu seiner heutigen Gr\u00f6\u00dfe und Bedeutung f\u00fcr die Gemeinde entwickeln konnte.<\/p>\n\n\n\n<p>Bereits in den Jahren vor 1924 hatte sich der Wunsch nach einem Turn- und Sportbetrieb innerhalb eines Vereins im Ort verbreitet. Im Laufe des Jahres 1923 sind dann erstmals konkrete Gespr\u00e4che unter den Anh\u00e4ngern des Turnens gef\u00fchrt worden. Es galt geeignete M\u00e4nner zu finden, die bereit waren, die Gr\u00fcndung des Turnvereins zu vollziehen und die Verantwortung f\u00fcr dessen Geschicke zu \u00fcbernehmen.<\/p>\n\n\n\n<p>Am 1. M\u00e4rz 1924 war es dann so weit. Zur Gr\u00fcndungsversammlung im Gasthaus Adler erschienen, wie es aus der Gr\u00fcndungsniederschrift beim Amtsgericht Memmingen zu entnehmen war, 29 Turnfreunde, die folgende Vorstandschaft w\u00e4hlten:<\/p>\n\n\n\n<p>Vorstand:&nbsp;&nbsp;&nbsp;&nbsp;&nbsp;&nbsp;&nbsp;&nbsp;&nbsp;&nbsp;&nbsp;&nbsp;&nbsp;&nbsp;&nbsp;&nbsp;&nbsp;&nbsp;&nbsp;&nbsp;&nbsp;&nbsp;&nbsp;&nbsp;&nbsp;&nbsp;&nbsp;&nbsp;&nbsp;&nbsp;&nbsp; Joh. Friedrich Edelmann, B\u00e4ckermeister<\/p>\n\n\n\n<p>Turnwart:&nbsp;&nbsp;&nbsp;&nbsp;&nbsp;&nbsp;&nbsp;&nbsp;&nbsp;&nbsp;&nbsp;&nbsp;&nbsp;&nbsp;&nbsp;&nbsp;&nbsp;&nbsp;&nbsp;&nbsp;&nbsp;&nbsp;&nbsp;&nbsp;&nbsp;&nbsp;&nbsp;&nbsp;&nbsp;&nbsp; Karl Strodel, Lehrer<\/p>\n\n\n\n<p>Schriftf\u00fchrer und Kassier:&nbsp;&nbsp;&nbsp;&nbsp;&nbsp; Christian Heim, Hauptlehrer<\/p>\n\n\n\n<p>Zeugwart:&nbsp;&nbsp;&nbsp;&nbsp;&nbsp;&nbsp;&nbsp;&nbsp;&nbsp;&nbsp;&nbsp;&nbsp;&nbsp;&nbsp;&nbsp;&nbsp;&nbsp;&nbsp;&nbsp;&nbsp;&nbsp;&nbsp;&nbsp;&nbsp;&nbsp;&nbsp;&nbsp;&nbsp;&nbsp;&nbsp; Kaspar Karrer, Jungbauer<\/p>\n\n\n\n<p>Beisitzer:&nbsp;&nbsp;&nbsp;&nbsp;&nbsp;&nbsp;&nbsp;&nbsp;&nbsp;&nbsp;&nbsp;&nbsp;&nbsp;&nbsp;&nbsp;&nbsp;&nbsp;&nbsp;&nbsp;&nbsp;&nbsp;&nbsp;&nbsp;&nbsp;&nbsp;&nbsp;&nbsp;&nbsp;&nbsp;&nbsp;&nbsp; Johann Gro\u00df, Mechaniker<\/p>\n\n\n\n<p>Joh. Martin Tobler, Schneidermeister<\/p>\n\n\n\n<p>Martin Brader, Jungbauer&nbsp;&nbsp;&nbsp;&nbsp;<\/p>\n\n\n\n<p>Der \u00dcbungsbetrieb wurde zun\u00e4chst im Saal des Gasthauses Adler, danach in einem nicht beheizbaren Schuppen des Landwirts Ulrich Witzig und auf Grund der schlechten \u00dcbungsbedingungen wurde der Wunsch nach einer Turnhalle immer gr\u00f6\u00dfer. 1929 wurde der \u00dcbungsbetrieb in ein Nebengeb\u00e4ude des Gasthauses \u201eZum Kreuz\u201c verlegt.<\/p>\n\n\n\n<p>Zus\u00e4tzlich zum Turnbetrieb gab es auch eine Faustballmannschaft. Es wurde zwar in keiner Liga gespielt, doch traf man sich mit befreundeten Mannschaften aus der Region.<\/p>\n\n\n\n<p>Im Jahre 1934 feierte der Turnverein Woringen sein 10-j\u00e4hriges Bestehen. Dieses Jubil\u00e4um wurde mit der Durchf\u00fchrung des Bezirksturnfestes des Bezirks Memmingen am 9. und 10. Juni 1934 begangen.<\/p>\n\n\n\n<p>In den folgenden Jahren trat eine Flaute ein. Als der 2. Weltkrieg ausbrach kam die gesamte Vereinsarbeit v\u00f6llig zum Erliegen. Als dieser schreckliche Krieg zu Ende war, hatte unser Turnverein 19 Gefallene zu beklagen. In den ersten Nachkriegsjahren mussten sich die Mitglieder erst einmal im privaten Bereich zurechtfinden.<\/p>\n\n\n\n<p>Eine erste Gr\u00fcndung eines Fu\u00dfballvereins fand am 01.10.1948 der \u201eBC-Woringen\u201c statt. Der Verein hatte zeitweise zwei Senioren und zwei Sch\u00fclermannschaften im Spielbetrieb. Auf Grund fehlender Platzverh\u00e4ltnisse kam im Jahr 1953 das endg\u00fcltige aus f\u00fcr den BC-Woringen. Die aktiven Fu\u00dfballer ruhten jedoch nicht, sondern schlossen sich den Vereinen der Nachbargemeinden an.<\/p>\n\n\n\n<p>Ein kleines H\u00e4uflein Unentwegter, sie standen einst in der Z\u00f6glings Abteilung, rief die alten Mitglieder zusammen, warb neue Mitglieder an und aktivierte den Verein in seinem 25.Lebensjahr am 24. September 1949 wieder neu. Die Turnstunden wurden zun\u00e4chst wieder im \u201eAdlersaal\u201c abgehalten, bis dann ab Fr\u00fchjahr 1951 das Sch\u00fctzenhaus benutzt werden konnte.<\/p>\n\n\n\n<p>Am 07. Juli 1957 wurde in Woringen als Gro\u00dfveranstaltung das Bezirks-Jugend-Turnfest veranstaltet. Im weiteren Verlauf hatten die Turner immer gr\u00f6\u00dfere Probleme, geeignete R\u00e4umlichkeiten und Trainingspl\u00e4tze zu finden. Darum musste der Sportbetrieb im Jahr 1959 eingestellt werden.<\/p>\n\n\n\n<p>Nachdem Erwin Kless, Gastwirt des Vereinslokals \u201eADLER\u201c einen Sportplatz im S\u00fcden der Kirchstra\u00dfe zur Verf\u00fcgung gestellt hatte, wurde die Fu\u00dfballabteilung innerhalb des TV Woringen neu gegr\u00fcndet. Am 02.08.1969 war es dann soweit, das erste Freundschaftsspiel gegen SV Lachen wurde unter st\u00fcrmischen Beifall der zahlreich erschienenen Zuschauer ausgetragen. Bereits im Spieljahr 1969\/70 konnte die 1.Mannschaft in der Punktrunde mitwirken und erreichte den 6.Tabellenplatz.<\/p>\n\n\n\n<p>\u00dcber die Jahre hinweg haben sich seit 1965, aus dem einst idealistischen dienstags Gymnastik-Treff, einige interessensgleiche Gruppen herauskristallisiert. So hat sich zur im Jahr 1969 gegr\u00fcndeten Kinderturnen-Gruppe, 1989 die Mutter-Kind-Gruppe hinzu gestellt. Hier k\u00f6nnen bereits die Kleinsten in Begleitung eines Elternteils erste Erfahrungen in der Turnhalle sammeln.<\/p>\n\n\n\n<p>Am 31. Oktober 1970 wurde das Damenfu\u00dfballverbot vom DFB-Bundestag aufgehoben. Trotz allen Wiederst\u00e4nden fand bereits im Fr\u00fchjahr 1970 im Caf\u00e9 R\u00fccker, eine Zusammenkunft unter der Leitung von Hauptorganisatorin und Seele der Mannschaft Anni Oexle und Ihrem Bruder Erich Oexle als Trainer statt. Der offizielle Spielbetrieb startete dann im Fr\u00fchjahr 1971 in der Spielgruppe Allg\u00e4u. Nach zweimaliger Vizemeisterschaft in den Jahren 1971 und 1972 folgte von 1973 bis 1979 ununterbrochen die Allg\u00e4uer Meisterschaft, teilweise ohne Punktverlust und mit wenig Gegentoren. Zus\u00e4tzlich gewannen die Damen des TVW von 1973 \u2013 1975 und von 1977 \u2013 1979den Schw\u00e4bischen Meistertitel. Auf dem Weg zur Bayerischen Meisterschaft scheiterte man mehrmals am gro\u00dfen FC Bayern M\u00fcnchen.<\/p>\n\n\n\n<p>Im Dezember 1970 gr\u00fcndeten 7 engagierte Woringer Skifahrer die Skiabteilung mit Dittmayer Manfred als 1. Abteilungsleiter und hielten von da an regelm\u00e4\u00dfig Skikurse f\u00fcr Jugendliche und Erwachsene ab.<\/p>\n\n\n\n<p>1971 erf\u00fcllte dann die Gemeinde Woringen den gr\u00f6\u00dften Wunsch des TV Woringen. Der<\/p>\n\n\n\n<p>&nbsp;Neubau der Grundschule mit Turnhalle und angegliedertem Sportgel\u00e4nde, welches 1972 feierlich eingeweiht wurde.<\/p>\n\n\n\n<p>Ein einzigartiges Erlebnis f\u00fcr Woringen fand im Winter 1972 statt, als der \u201eHalden Lift\u201c auf Grund einer Privatinitiative von Georg u. Edelgard Honold sowie Erwin Honold er\u00f6ffnet wurde. Skifahrer von Nah und Fern sowie unsere Skiabteilung nutzten dieses neu gewonnene, alpine Skiparadies.,<\/p>\n\n\n\n<p>Am 16.04.74 wurde von 36 tennisbegeisterten Sportlern die Tennisabteilung des TV Woringen gegr\u00fcndet. &nbsp;Zum 1. Vorsitzenden der neugegr\u00fcndeten Abteilung wurde Karl Braun gew\u00e4hlt. Es wurde auf dem Hartplatz der Schule gespielt.&nbsp;&nbsp;&nbsp;&nbsp;&nbsp;&nbsp;&nbsp;&nbsp;&nbsp;&nbsp;&nbsp;&nbsp;&nbsp;&nbsp;&nbsp;&nbsp;&nbsp;&nbsp;&nbsp;&nbsp;&nbsp;&nbsp;&nbsp;&nbsp;&nbsp;&nbsp;&nbsp;&nbsp;&nbsp;&nbsp;&nbsp;&nbsp;&nbsp;&nbsp;&nbsp;&nbsp;&nbsp;<\/p>\n\n\n\n<p>Im Jahr 1974 wurde das 50-j\u00e4hrige Gr\u00fcndungsjubil\u00e4um mit Weihe der neuen Vereinsfahne gefeiert. Zeltbetrieb, Festumzug, Pokalspiele, Damenfu\u00dfball und viele weiter Attraktionen zogen eine gro\u00dfe Schar von Aktiven und Zuschauern an. \u00dcberschattet war das Fest vom Tod des 1. Vorsitzenden Rudolf Dittmayer, der wenige Wochen vor Festbeginn verstarb. Die Anschaffung der Vereinsfahne ist auf seine Initiative zur\u00fcckzuf\u00fchren.<\/p>\n\n\n\n<p>Am 20. September 1974 schlug die Geburtsstunde der Tischtennis-Abteilung des TV Woringen. Damals trafen sich 37 Interessenten im Caf\u00e9 R\u00fccker und beschlossen ihr Hobby k\u00fcnftig im Verein und vor allem im sportlichen Wettkampf zu betreiben. Als erster Abteilungsleiter stellte sich Rudolf Luger zur Verf\u00fcgung. Unter bescheidenen Bedingungen, mit zum Teil privat gestellten Tischtennisplatten, wurde f\u00fcr die Herren und Junioren ein Trainingsbetrieb aufgenommen und im darauffolgenden Jahr wurde am offiziellen Punktspielbetrieb teilgenommen. Aber auch schon vorher wurde in Woringen TT gespielt.<\/p>\n\n\n\n<p>Auch die Leichtathletik formierte sich unter dem Turnverein, und einzelne Gruppen nahmen an Wettk\u00e4mpfen teil. Im Jahr 1975 wurde der TV mit der Ausrichtung des Jedermann-Sportfestes auf Kreisebene betraut. Leider fanden sich keine geeigneten \u00dcbungsleiter und so wurde 1977 die Leichtathletik wieder eingestellt.<\/p>\n\n\n\n<p>Am 28. Februar 1976 wurde dann mit dem Bau der Tennisanlage im \u201eLangenmahd\u201c, vorerst mit zwei Pl\u00e4tzen begonnen. Es war \u201eEhrensache\u201c, dass der Gro\u00dfteil der Arbeiten in Eigenleistung erbracht wurde. Und so kamen rund 1.300 unentgeltliche Arbeitsstunden zusammen. Zus\u00e4tzlich erwarb man eine gebrauchte H\u00fctte, die beim Sportgel\u00e4nde aufgestellt wurde. Mit einigen Um- und Anbauten wurde sie im Laufe der Zeit zum gem\u00fctlichen Vereinsheim umfunktionieret und ausgebaut. Am 28.05.1976 konnte der Spielbetrieb aufgenommen werden. Im Herbst 1976 z\u00e4hlte die Abteilung 95 Mitglieder.<\/p>\n\n\n\n<p>Der weiterhin ungebrochene Mitgliederzustrom machte im Jahre 1979 den Bau eines 3. Tennisplatzes notwendig. Da dies bei der Planung der urspr\u00fcnglichen Anlage mit ber\u00fccksichtigt worden war, bereitete die Erstellung mit der Unterst\u00fctzung der Firma Kutter keine Probleme.<\/p>\n\n\n\n<p>Anfang der 80er Jahre machte die Tischtennisabteilung ebenfalls auf sich aufmerksam.<\/p>\n\n\n\n<p>Dieter und Norbert Sch\u00f6llhorn konnten als Jugendliche beide 5 schw\u00e4bische Meistertitel erringen. Norbert Sch\u00f6llhorn erk\u00e4mpfte sich einen 1. Platz bei der bayerischen und einen 5. Platz bei den deutschen Meisterschaften.<\/p>\n\n\n\n<p>Die Verst\u00e4rkung der Herrenmannschaft durch die Jugendspieler f\u00fchrte zu weiteren Erfolgen der jungen Abteilung. So schaffte die 1. Herrenmannschaft den Aufstieg in die Bezirksliga III, wurde dort sofort wieder Meister in der Saison 1980\/1981 und stieg nun in die Bezirksliga II auf und konnte sich dort zwei Jahre halten.<\/p>\n\n\n\n<p>Im Jahr 1980 wurde der Spielbetrieb neu organisiert und in Spielklassen eingeteilt: Bayernliga S\u00fcd, Bezirksliga und Allg\u00e4u Liga. Die Damen des TVW wurden aufgrund ihrer gro\u00dfen Erfolge in die Bayernliga S\u00fcd eingeteilt und erspielten sich in dieser Saison den 3. Tabellenplatz. Als \u201eSchwabenstreich\u201c ging das Punktspiel am 12. April 1981 gegen den mehrfachen Deutschen Meister FC Bayern M\u00fcnchen in die Geschichte des TVW ein. Unerwartet gelang den Damen ein 5:2-Sieg vor mehr als 1000 Zuschauern. Aufgrund von Spielerinnenmangel musste die Mannschaft f\u00fcr die Saison 1981\/82 unerwartet vom Spielbetrieb zur\u00fcckgezogen werden.<\/p>\n\n\n\n<p>Durch Neuzug\u00e4nge konnte f\u00fcr die Saison 1982\/83 wieder eine Mannschaft aufgebaut werden. Nach Entscheidung des Schw\u00e4bischen Fu\u00dfballverbandes durften die Damen des TVW Ihren Spielbetrieb in der Bezirksliga wieder aufnehmen. Am Ende der Saison wurde die Mannschaft zwar Meister, aber verlor das Aufstiegsspiel. Besser lief es in der Saison 1983\/84: Die Meisterschaft wurde in einem Entscheidungsspiel nach Elfmeterschie\u00dfen gewonnen. Das Aufstiegsspiel zur Bayernliga S\u00fcd wurde am 17. Juni 1984 in Forstern gewonnen. Die Damen spielten von 1984 bis 1990 ununterbrochen in der h\u00f6chsten Spielklasse mit Platzierungen in der vorderen Tabellenh\u00e4lfte.<\/p>\n\n\n\n<p>Im DFB-Pokal wurde der TVW in den Jahren 1984, 1987, 1989 und 1990 schw\u00e4bischer Pokalsieger. Im Jahr 1987 schafften die Damen den Sprung ins Bayerische Pokalendspiel, welches am 27. Juni 1987 in Mainburg mit 1:6 gegen den FC Bayern M\u00fcnchen verloren wurde.<\/p>\n\n\n\n<p>Weiterhin hat sich 1981 eine Gruppe sportlicher Frauen, immer donnerstags, zusammengefunden. Diese hat knapp 12 Jahre sp\u00e4ter, im Jahr 1993, ihr Augenmerk auf Stepp-Aerobic und Pilates ausgerichtet.<\/p>\n\n\n\n<p>Gleichzeitig mit dem Wiederaufbau der Damenmannschaft im Jahr 1982 konnte durch Bem\u00fchungen von Anni Oexle eine M\u00e4dchenmannschaft mit Spielerinnen bis 14 Jahren gegr\u00fcndet werden. Durch flei\u00dfiges Training unter der Leitung von Manfred Tobler wurde bereits in der Saison 1983\/84 an der Punkterunde in der Bezirksliga teilgenommen. Der H\u00f6hepunkt f\u00fcr die M\u00e4dchen war die Saison 1986\/87: In der Punkterunde der M\u00e4dchenbezirksliga wurde die Vize-Meisterschaft und in der schw\u00e4bischen Hallenmeisterschaft ein hervorragenden 3. Platz erreicht. Auf Grund der weiten Fahrten in den Augsburger Raum, lie\u00df das Interesse der M\u00e4dels nach und man musste leider die M\u00e4dchenmannschaft wegen Spielerinnenmangel im Jahre 1988 abmelden.<\/p>\n\n\n\n<p>Vielleicht kennt es der ein oder andere noch &#8211; Trimm Trab \u2013 ein von der AOK gef\u00f6rderter Waldlauf, mehrere Gruppen trafen sich am Tennisplatz; auch heute haben wir noch bzw. wieder einen Waldlauf mit Workout an B\u00e4umen oder im Moos.<\/p>\n\n\n\n<p>1984 veranstalteten die Abteilungen Fu\u00dfball, Tennis und Tischtennis auf Grund ihrer Jubil\u00e4en das Woringer Dorffest.&nbsp;&nbsp;&nbsp;&nbsp;&nbsp;&nbsp;&nbsp;&nbsp;&nbsp;&nbsp;&nbsp;&nbsp;&nbsp;&nbsp;&nbsp;&nbsp;&nbsp;&nbsp;&nbsp;&nbsp;&nbsp;&nbsp;&nbsp;&nbsp;&nbsp;&nbsp;&nbsp;&nbsp;&nbsp;&nbsp;&nbsp;&nbsp;&nbsp;&nbsp;&nbsp;&nbsp;&nbsp;&nbsp;&nbsp;&nbsp;&nbsp;&nbsp;&nbsp;&nbsp;&nbsp;&nbsp;&nbsp;&nbsp;&nbsp;&nbsp;&nbsp;&nbsp;&nbsp;&nbsp;&nbsp;&nbsp;&nbsp;&nbsp;&nbsp;&nbsp;&nbsp;&nbsp;&nbsp;&nbsp;&nbsp;&nbsp;&nbsp;&nbsp;&nbsp;&nbsp;&nbsp;&nbsp;&nbsp;&nbsp;&nbsp;&nbsp;&nbsp;&nbsp;&nbsp;&nbsp;&nbsp;&nbsp;&nbsp;&nbsp;&nbsp;&nbsp; &nbsp;<\/p>\n\n\n\n<p>1987 konnte die 1. Herrenmannschaft die Meisterschaft erreichen und stieg in die B-Klasse auf. Nach einem spannenden Relegationsspiel mit Elfmeterschie\u00dfen in der Saison 89\/90, schaffte die 1. Mannschaft den Aufstieg in die A-Klasse.<\/p>\n\n\n\n<p>Aufgrund der Neugr\u00fcndung der Regionalliga S\u00fcd der Damen zog es einige Leistungstr\u00e4gerinnen in diese Runde. Mit den verbliebenen Spielerinnen konnte der aktive Spielbetrieb nicht aufrechterhalten werden. Zum Bedauern des Vereins und der Fans musste die Mannschaft erneut zur\u00fcckgezogen werden.<\/p>\n\n\n\n<p>Im Juni 1991 wurde durch intensives Training unter Norbert Sch\u00f6lhorn die Bezirksliga wieder als Ziel f\u00fcr die 1. Mannschaft ausgegeben. Wir konnten uns dort 4 Jahre lang halten, darunter sogar im ersten Jahr ein dritter Platz.<\/p>\n\n\n\n<p>Da es bekanntlich nur im Winter Schnee gibt, aber die Skiabteilung trotzdem sportlich ganzj\u00e4hrig aktiv war, wurde 1992 die sog. \u201eRadlergruppe\u201c ins Leben gerufen, die heut noch Bestand hat.<\/p>\n\n\n\n<p>1995 wurde der bestehende Trainingsplatz an der Sch\u00fctzenstra\u00dfe als Baugebiet ausgewiesen und die Fu\u00dfballabteilung musste auf das neu errichtete Trainingsgel\u00e4nde an der Kemptner Stra\u00dfe umziehen.<\/p>\n\n\n\n<p>Leider war es nicht mehr m\u00f6glich, den Haldenlift weiter zu betreiben, aufgrund des ausgewiesenen Baugebietes und auch des Schneemangels. Dies war das Ende des Woringer Skitreibens am Ort. Es gab nur noch eine Jugendvereinsmeisterschaft am Haldenlift mit den Siegern Jochen Link und Susanne Honold.<\/p>\n\n\n\n<p>Bei der 1050 Jahrfeier der Gemeinde Woringen im Jahre 1998, beteiligte sich der TV Woringen mit allen Abteilungen.<\/p>\n\n\n\n<p>Ein unvergessenes High-Light in der Geschichte des TV Woringen, war im Jahre 2000 das 1. Open Air im Langmahd. Nach str\u00f6mendem Regen und Rockmusik am Freitagabend, musste das weitere Geschehen in die R\u00e4umlichkeiten der Gemeinde verlegt werden.&nbsp;&nbsp;<\/p>\n\n\n\n<p>F\u00fcr die Tischtennis begeisterten Schulkinder sponsorte der TV Woringen zusammen mit der Gemeinde Woringen 2002 eine Outdoor-Tischtennisplatte f\u00fcr den Schulhof, die sich bis heute bew\u00e4hrt hat und sich reger Nutzung erfreut.<\/p>\n\n\n\n<p>2006 konnten die Tischtennisdamen ihren Meistertitel feiern und in die Bezirksliga 2 aufsteigen.<\/p>\n\n\n\n<p>In der Fu\u00dfballabteilung standen 2006 wichtigen Entscheidungen an. Da es f\u00fcr die Jugendmannschaften des TSV Lautrach\/Illerbeuren, SV Dickenreishausen und des TV Woringen nicht mehr m\u00f6glich war, eigene Jugendmannschaften in allen Altersklassen zu stellen, wurde beschlossen eine Junioren-F\u00f6rder-Gemeinschaft, kurz JFG zu gr\u00fcnden. Mit der JFG Kronburg wurde die Basis f\u00fcr eine gemeinsame Jugendarbeit geschaffen.&nbsp;<\/p>\n\n\n\n<p>Im August 2007 konnten wir die aufwendig restaurierte Fahne in Empfang nehmen.<\/p>\n\n\n\n<p>Bei der Jahreshauptversammlung 2010 wurde unsere Satzung, mit Gro\u00dfer Zustimmung, auf den neuesten Stand gebracht.<\/p>\n\n\n\n<p>Ebenso wurden die Weichen f\u00fcr den Bau eines neuen Fu\u00dfballfeldes gestellt und die Wiese, s\u00fcdlich des Trainingsplatzes von der Gemeinde erworben.<\/p>\n\n\n\n<p>Dringend notwendig war die Renovierung der Fu\u00dfballfelder. Mit zahlreichen Helfern wurden 2012 beide Spielfelder komplett saniert.<\/p>\n\n\n\n<p>Die 1. Herrenmannschaft hat einen sportlichen H\u00f6hepunkt mit Erreichen der Relegationsrunde zum Aufstieg in die Bezirksliga geschafft. Leider musste man sich schon im ersten Spiel gegen Sonthofen II geschlagen geben.<\/p>\n\n\n\n<p>In den Jahren 2012-2016 wurde es f\u00fcr uns TT\u2019ler etwas eng in unserer kleinen Woringer Turnhalle, da wir mit bis zu 10 Mannschaften am Spielbetrieb teilnahmen.<\/p>\n\n\n\n<p>(4 Herren, 1 Damen, 3 Jungen, 1 M\u00e4dchen, 1 Sch\u00fcler)<\/p>\n\n\n\n<p>Insgesamt waren hier ca. 185 Punkt- und Pokalspiele zu organisieren.<\/p>\n\n\n\n<p>Eine gro\u00dfe Herausforderung f\u00fcr die Fu\u00dfballabteilung war der Bau des Jugendspielplatzes mit neu errichteter Flutlichtanlage.<\/p>\n\n\n\n<figure class=\"wp-block-table\"><table class=\"has-fixed-layout\"><tbody><tr><td>&nbsp;&nbsp;&nbsp;&nbsp;&nbsp;<\/td><\/tr><\/tbody><\/table><\/figure>\n\n\n\n<p>2016 stand eine etwas gr\u00f6\u00dfere Ausgabe an. Es wurden 21 Fitness Trampoline angeschafft, mit denen immer mittwochs, Jumping Fitness Kurse f\u00fcr Jung und Alt angeboten werden.<\/p>\n\n\n\n<p>Eine weitere Herausforderung war die Errichtung der Jugendh\u00fctte am Fu\u00dfballjugend-spielplatz mit \u00fcberwiegender Eigenleistung.<\/p>\n\n\n\n<p>In der Saison 2019\/2020 war sowohl die 1. als auch die 2. Mannschaft auf aussichtsreichem Meisterschaftskurs, als die Saison wegen der Coronapandemie abgebrochen werden musste.<\/p>\n\n\n\n<p>Die erste konnte dennoch in die 3. Bezirksliga S\u00fcd und die zweite in die Bezirksklasse B aufsteigen.<\/p>\n\n\n\n<p>Die Tennisabteilung feiert 50j\u00e4hriges Bestehen. Zur Feier dieses Anlasses wurde die Tennish\u00fctte modernisiert. Auch eine neue Ballmaschine wurde mit Hilfe des Hauptvereinsangeschafft, um mehr M\u00f6glichkeiten f\u00fcr das Training zu bieten. Aktuell haben wir eine Jugend U15, eine Damen- und eine Herren 30 Mannschaft. Wir haben nach einem R\u00fcckgang der aktiven Spieler erfreulicherweise wieder neue Mitglieder f\u00fcr unseren Verein gewinnen k\u00f6nnen, w\u00fcrden uns aber weiterhin \u00fcber neue Sportbegeisterte freuen, die den Tennissport f\u00fcr sich entdecken. Durch das Engagement Aller schauen wir positiv in die Zukunft.<\/p>\n\n\n\n<p>Aktuell haben wir wieder 4 Herren- und 3 Jugendteams, nachdem wir uns von den Einschr\u00e4nkungen und R\u00fcckschl\u00e4gen durch die Corona-Pandemie (Hallennutzung, Spielauflagen, etc.) langsam wieder erholt haben.<\/p>\n\n\n\n<p>Wir starten in die kommende Saison mit 6 \u00dcbungsleiter und 7 Kinderskilehrer im Skikurs, &nbsp;&nbsp;&nbsp;&nbsp;&nbsp;&nbsp;&nbsp;3 \u00dcbungsleiter und 2 Helfer bei den Boardern und hoffentlich viel Schnee ansonsten bleibt uns nur wieder eine Apres-Skiparty, feiern geht auch ohne Schnee.<\/p>\n\n\n\n<p>Mit ihrem umfangreichen Angebot an verschiedenen Kursen, z\u00e4hlt die Abteilung Gymnastik zu den mitgliederst\u00e4rksten Abteilungen des TV Woringen.<\/p>\n\n\n\n<p>In der Abteilung Fu\u00dfball nehmen aktuell 2 Herrenmannschaften am aktiven Spielbetrieb teil. Unsere Erste in der Kreisklasse und unsere Zweite nach erfolgreichem Aufstieg seit der neuen Saison in der A-Klasse. Regelm\u00e4\u00dfig trifft sich zudem unsere AH zum Training und den gelegentlichen Spielen oder Turnieren. Nicht nur im Erwachsenbereich geht es beim uns im Fu\u00dfball hei\u00df her, sondern auch Jungendmannschaften nehmen mit Kindern im Alter von ca. 4 Jahren bis 11 Jahren am Spielbetrieb teil. Hierbei werden durch rege Teilnahme in der E- und F-Jugend mehreren Mannschaften pro Altersklasse gestellt. Zu den Highlights der Fu\u00dfballabteilung z\u00e4hlen nat\u00fcrlich nicht nur jeder Heimspieltag, sondern auch unser j\u00e4hrliches Festwochenende mit der Beachparty, genauso wie unser bekanntes Jungendturnier.<\/p>\n\n\n\n<figure class=\"wp-block-table\"><table class=\"has-fixed-layout\"><tbody><tr><td>&nbsp;Vorst&nbsp;&nbsp;<\/td><\/tr><\/tbody><\/table><\/figure>\n\n\n\n<p>Zum heutigen Zeitpunkt kann der TV Woringen, mit seinen aktuell <strong><u>1022 Mitgliedern<\/u><\/strong>, auf eine sehr erfolgreiche Vergangenheit zur\u00fcckblicken. Vor allem in den letzten Jahren wurden beachtliche Erfolge erzielt.<\/p>\n\n\n\n<p>Unser Verein ist aber nicht nur im sportlichen Bereich aktiv. Auch im Gesellschaftlichen ist der TV Woringen aus dem Dorfleben nicht mehr weg zu denken.<\/p>\n\n\n\n<p>Mit unterschiedlichen Veranstaltungen, wie z.B. die Beach-Party im Juli, das gro\u00dfe Jugendfu\u00dfballturnier, die Schleifchen-Turniere der Tennis- und Tischtennisabteilung, das Oktoberfest der Tennisabteilung und den Nikolausfeiern in den Abteilungen, machen wir uns auch \u00fcber die Dorfgrenzen hinaus bekannt.<\/p>\n","protected":false},"excerpt":{"rendered":"<p>Der Turnverein Woringen 1924 e.V. feiert in diesem Jahr sein 100-j\u00e4hriges Jubil\u00e4um. Dem Idealismus von mehreren Generationen ist es zu verdanken, dass sich der Verein aus bescheidenen Anf\u00e4ngen zu seiner heutigen Gr\u00f6\u00dfe und Bedeutung f\u00fcr die Gemeinde entwickeln konnte. Bereits in den Jahren vor 1924 hatte sich der Wunsch nach einem Turn- und Sportbetrieb innerhalb eines Vereins im Ort verbreitet. Im Laufe des Jahres 1923 sind dann erstmals konkrete Gespr\u00e4che unter den Anh\u00e4ngern des Turnens gef\u00fchrt worden. Es galt geeignete&#8230;<\/p>\n<p class=\"read-more\"><a class=\"btn btn-default\" href=\"https:\/\/www.tv-woringen.de\/?page_id=1694\">Weiterlesen<span class=\"screen-reader-text\"> Weiterlesen<\/span><\/a><\/p>\n","protected":false},"author":1,"featured_media":0,"parent":0,"menu_order":0,"comment_status":"closed","ping_status":"closed","template":"","meta":{"footnotes":""},"class_list":["post-1694","page","type-page","status-publish","hentry"],"_links":{"self":[{"href":"https:\/\/www.tv-woringen.de\/index.php?rest_route=\/wp\/v2\/pages\/1694","targetHints":{"allow":["GET"]}}],"collection":[{"href":"https:\/\/www.tv-woringen.de\/index.php?rest_route=\/wp\/v2\/pages"}],"about":[{"href":"https:\/\/www.tv-woringen.de\/index.php?rest_route=\/wp\/v2\/types\/page"}],"author":[{"embeddable":true,"href":"https:\/\/www.tv-woringen.de\/index.php?rest_route=\/wp\/v2\/users\/1"}],"replies":[{"embeddable":true,"href":"https:\/\/www.tv-woringen.de\/index.php?rest_route=%2Fwp%2Fv2%2Fcomments&post=1694"}],"version-history":[{"count":2,"href":"https:\/\/www.tv-woringen.de\/index.php?rest_route=\/wp\/v2\/pages\/1694\/revisions"}],"predecessor-version":[{"id":1699,"href":"https:\/\/www.tv-woringen.de\/index.php?rest_route=\/wp\/v2\/pages\/1694\/revisions\/1699"}],"wp:attachment":[{"href":"https:\/\/www.tv-woringen.de\/index.php?rest_route=%2Fwp%2Fv2%2Fmedia&parent=1694"}],"curies":[{"name":"wp","href":"https:\/\/api.w.org\/{rel}","templated":true}]}}