{"id":2180,"date":"2025-05-06T19:18:40","date_gmt":"2025-05-06T19:18:40","guid":{"rendered":"https:\/\/www.tv-woringen.de\/?page_id=2180"},"modified":"2025-05-06T19:43:23","modified_gmt":"2025-05-06T19:43:23","slug":"anfahrt","status":"publish","type":"page","link":"https:\/\/www.tv-woringen.de\/?page_id=2180","title":{"rendered":"Anfahrt"},"content":{"rendered":"\n<p>Willkommen bei der Tennisabteilung des TV Woringen. Ihr findet unsere idyllischen Tennispl\u00e4tzte am Waldrand von Woringen.<br>Falls ihr mit dem Navi zu uns finden wollt, folgt bitte dem unten aufgef\u00fchrten Link, da euch die Adresse auf der BTV Homepage in ein Wohngebiet f\u00fchrt.<\/p>\n\n\n\n<p><a href=\"https:\/\/www.google.de\/maps\/place\/Sports+Field\/@47.9215458,10.1948006,658m\/data=!3m1!1e3!4m6!3m5!1s0x479b8ceb5b400001:0x69315a7bbd41d009!8m2!3d47.9213902!4d10.1933518!16s%2Fg%2F11wwsg3k56?entry=ttu&amp;g_ep=EgoyMDI1MDQzMC4xIKXMDSoASAFQAw%3D%3D\" target=\"_blank\" rel=\"noreferrer noopener\">Anfahrt<\/a> \u00fcber Google Maps<\/p>\n\n\n\n<figure class=\"wp-block-image size-large is-resized\"><img loading=\"lazy\" decoding=\"async\" width=\"880\" height=\"1024\" src=\"https:\/\/www.tv-woringen.de\/wp-content\/uploads\/2025\/05\/Anfahrtsskizze-880x1024.jpg\" alt=\"\" class=\"wp-image-2185\" style=\"width:736px;height:auto\" srcset=\"https:\/\/www.tv-woringen.de\/wp-content\/uploads\/2025\/05\/Anfahrtsskizze-880x1024.jpg 880w, https:\/\/www.tv-woringen.de\/wp-content\/uploads\/2025\/05\/Anfahrtsskizze-258x300.jpg 258w, https:\/\/www.tv-woringen.de\/wp-content\/uploads\/2025\/05\/Anfahrtsskizze-768x894.jpg 768w, https:\/\/www.tv-woringen.de\/wp-content\/uploads\/2025\/05\/Anfahrtsskizze-1320x1536.jpg 1320w, https:\/\/www.tv-woringen.de\/wp-content\/uploads\/2025\/05\/Anfahrtsskizze-232x270.jpg 232w, https:\/\/www.tv-woringen.de\/wp-content\/uploads\/2025\/05\/Anfahrtsskizze.jpg 1372w\" sizes=\"auto, (max-width: 880px) 100vw, 880px\" \/><\/figure>\n\n\n\n<p><\/p>\n","protected":false},"excerpt":{"rendered":"<p>Willkommen bei der Tennisabteilung des TV Woringen. Ihr findet unsere idyllischen Tennispl\u00e4tzte am Waldrand von Woringen.Falls ihr mit dem Navi zu uns finden wollt, folgt bitte dem unten aufgef\u00fchrten Link, da euch die Adresse auf der BTV Homepage in ein Wohngebiet f\u00fchrt. Anfahrt \u00fcber Google Maps<\/p>\n","protected":false},"author":1,"featured_media":0,"parent":0,"menu_order":0,"comment_status":"closed","ping_status":"closed","template":"","meta":{"footnotes":""},"class_list":["post-2180","page","type-page","status-publish","hentry"],"_links":{"self":[{"href":"https:\/\/www.tv-woringen.de\/index.php?rest_route=\/wp\/v2\/pages\/2180","targetHints":{"allow":["GET"]}}],"collection":[{"href":"https:\/\/www.tv-woringen.de\/index.php?rest_route=\/wp\/v2\/pages"}],"about":[{"href":"https:\/\/www.tv-woringen.de\/index.php?rest_route=\/wp\/v2\/types\/page"}],"author":[{"embeddable":true,"href":"https:\/\/www.tv-woringen.de\/index.php?rest_route=\/wp\/v2\/users\/1"}],"replies":[{"embeddable":true,"href":"https:\/\/www.tv-woringen.de\/index.php?rest_route=%2Fwp%2Fv2%2Fcomments&post=2180"}],"version-history":[{"count":5,"href":"https:\/\/www.tv-woringen.de\/index.php?rest_route=\/wp\/v2\/pages\/2180\/revisions"}],"predecessor-version":[{"id":2192,"href":"https:\/\/www.tv-woringen.de\/index.php?rest_route=\/wp\/v2\/pages\/2180\/revisions\/2192"}],"wp:attachment":[{"href":"https:\/\/www.tv-woringen.de\/index.php?rest_route=%2Fwp%2Fv2%2Fmedia&parent=2180"}],"curies":[{"name":"wp","href":"https:\/\/api.w.org\/{rel}","templated":true}]}}