{"id":248,"date":"2024-04-23T18:23:33","date_gmt":"2024-04-23T18:23:33","guid":{"rendered":"http:\/\/www.tv-woringen.de\/?page_id=248"},"modified":"2024-05-03T14:14:00","modified_gmt":"2024-05-03T14:14:00","slug":"datenschutz-2","status":"publish","type":"page","link":"https:\/\/www.tv-woringen.de\/?page_id=248","title":{"rendered":"Datenschutz"},"content":{"rendered":"\n<h2 class=\"wp-block-heading\">Unsere Datenschutzbestimmungen:<\/h2>\n\n\n\n<p>Datenschutzerkl\u00e4rung<br>zur Verarbeitung Ihrer personenbezogenen Daten<\/p>\n\n\n\n<p class=\"has-small-font-size\">1. Zweck der Datenverarbeitung <br>Ihre personenbezogenen Daten (Name, Anschrift, Telefonnummer, E-Mailadresse) werden zur Auftragsbearbeitung verarbeitet. Die Bereitstellung Ihrer personenbezogenen Daten ist freiwillig. Allerdings ist eine Auftragsbearbeitung nicht m\u00f6glich, wenn Sie Ihre personenbezogenen Daten nicht bereitstellen. Rechtsgrundlage hierf\u00fcr ist Artikel 6 Abs. 1 Buchst. b und c der DatenschutzGrundverordnung vom 27.04.2016 (EU-Verordnung 2016\/679).<\/p>\n\n\n\n<p class=\"has-small-font-size\">2. \u00dcbermittlung Ihrer personenbezogenen Daten <br>Zu den oben genannten Zwecken werden wir Ihre personenbezogenen Daten an Beh\u00f6rden und anderen Verfahrensbeteiligte weiterleiten, soweit dies zur Auftragsbearbeitung notwendig ist oder zweckm\u00e4\u00dfig erscheint.<\/p>\n\n\n\n<p class=\"has-small-font-size\">3. Dauer der Datenspeicherung <br>Ihre personenbezogenen Daten werden von uns solange gespeichert, wie dies von uns als notwendig erachtet wird, um den unter Ziff. 1 genannten Zweck zu erreichen und wie dies nach anwendbarem Recht zul\u00e4ssig ist. Jedenfalls speichern wir Ihre personenbezogenen Daten solange, wie Aufbewahrungspflichten bestehen oder Verj\u00e4hrungsfristen potentieller Rechtsanspr\u00fcche noch nicht abgelaufen sind.<\/p>\n\n\n\n<p class=\"has-small-font-size\">4. Ihre Rechte im Zusammenhang mit unserer Verarbeitung <br>Ihrer personenbezogener Daten Sie sind dazu berechtigt,<\/p>\n\n\n\n<p class=\"has-small-font-size\">\u2022 zu \u00fcberpr\u00fcfen, ob und welche personenbezogenen Daten \u00fcber Sie gespeichert sind und Kopien dieser Daten zu erhalten.<\/p>\n\n\n\n<p class=\"has-small-font-size\">\u2022 die Berichtigung, Erg\u00e4nzung oder das L\u00f6schen Ihrer personenbezogenen Daten, die falsch sind oder nicht rechtskonform verarbeitet werden, zu verlangen.<\/p>\n\n\n\n<p class=\"has-small-font-size\">\u2022 zu verlangen, die Verarbeitung Ihrer personenbezogenen Daten einzuschr\u00e4nken.<\/p>\n\n\n\n<p class=\"has-small-font-size\">\u2022 unter bestimmten Voraussetzungen der Verarbeitung Ihrer personenbezogenen Daten zu widersprechen oder die f\u00fcr das Verarbeiten zuvor gegebene Einwilligung zu widerrufen.<\/p>\n\n\n\n<p class=\"has-small-font-size\">\u2022 Daten\u00fcbertragbarkeit zu verlangen.<\/p>\n\n\n\n<p class=\"has-small-font-size\">\u2022 die Identit\u00e4t von Dritten, an welche Ihre personenbezogenen Daten \u00fcbermittelt werden, zu kennen, und<\/p>\n\n\n\n<p class=\"has-small-font-size\">\u2022 bei der zust\u00e4ndigen Beauftragten f\u00fcr Datenschutz und Informationsfreiheit Beschwerde einzulegen.<\/p>\n\n\n\n<p class=\"has-small-font-size\">Wenn Sie Fragen zum Datenschutz haben sollten, wenden Sie sich bitte an Herrn J\u00f6rg Sekulla.<\/p>\n","protected":false},"excerpt":{"rendered":"<p>Unsere Datenschutzbestimmungen: Datenschutzerkl\u00e4rungzur Verarbeitung Ihrer personenbezogenen Daten 1. Zweck der Datenverarbeitung Ihre personenbezogenen Daten (Name, Anschrift, Telefonnummer, E-Mailadresse) werden zur Auftragsbearbeitung verarbeitet. Die Bereitstellung Ihrer personenbezogenen Daten ist freiwillig. Allerdings ist eine Auftragsbearbeitung nicht m\u00f6glich, wenn Sie Ihre personenbezogenen Daten nicht bereitstellen. Rechtsgrundlage hierf\u00fcr ist Artikel 6 Abs. 1 Buchst. b und c der DatenschutzGrundverordnung vom 27.04.2016 (EU-Verordnung 2016\/679). 2. \u00dcbermittlung Ihrer personenbezogenen Daten Zu den oben genannten Zwecken werden wir Ihre personenbezogenen Daten an Beh\u00f6rden und anderen Verfahrensbeteiligte weiterleiten,&#8230;<\/p>\n<p class=\"read-more\"><a class=\"btn btn-default\" href=\"https:\/\/www.tv-woringen.de\/?page_id=248\">Weiterlesen<span class=\"screen-reader-text\"> Weiterlesen<\/span><\/a><\/p>\n","protected":false},"author":1,"featured_media":113,"parent":0,"menu_order":0,"comment_status":"closed","ping_status":"closed","template":"","meta":{"footnotes":""},"class_list":["post-248","page","type-page","status-publish","has-post-thumbnail","hentry"],"_links":{"self":[{"href":"https:\/\/www.tv-woringen.de\/index.php?rest_route=\/wp\/v2\/pages\/248","targetHints":{"allow":["GET"]}}],"collection":[{"href":"https:\/\/www.tv-woringen.de\/index.php?rest_route=\/wp\/v2\/pages"}],"about":[{"href":"https:\/\/www.tv-woringen.de\/index.php?rest_route=\/wp\/v2\/types\/page"}],"author":[{"embeddable":true,"href":"https:\/\/www.tv-woringen.de\/index.php?rest_route=\/wp\/v2\/users\/1"}],"replies":[{"embeddable":true,"href":"https:\/\/www.tv-woringen.de\/index.php?rest_route=%2Fwp%2Fv2%2Fcomments&post=248"}],"version-history":[{"count":7,"href":"https:\/\/www.tv-woringen.de\/index.php?rest_route=\/wp\/v2\/pages\/248\/revisions"}],"predecessor-version":[{"id":416,"href":"https:\/\/www.tv-woringen.de\/index.php?rest_route=\/wp\/v2\/pages\/248\/revisions\/416"}],"wp:featuredmedia":[{"embeddable":true,"href":"https:\/\/www.tv-woringen.de\/index.php?rest_route=\/wp\/v2\/media\/113"}],"wp:attachment":[{"href":"https:\/\/www.tv-woringen.de\/index.php?rest_route=%2Fwp%2Fv2%2Fmedia&parent=248"}],"curies":[{"name":"wp","href":"https:\/\/api.w.org\/{rel}","templated":true}]}}