{"id":2772,"date":"2026-01-16T09:33:38","date_gmt":"2026-01-16T09:33:38","guid":{"rendered":"https:\/\/www.tv-woringen.de\/?page_id=2772"},"modified":"2026-01-16T10:10:50","modified_gmt":"2026-01-16T10:10:50","slug":"sponsoren-2","status":"publish","type":"page","link":"https:\/\/www.tv-woringen.de\/?page_id=2772","title":{"rendered":"Sponsoren"},"content":{"rendered":"\n<p>Vielen Dank an unsere Sponsoren<\/p>\n\n\n\n<p>Ein erfolgreicher Tennisverein lebt nicht nur vom Einsatz seiner Mitglieder, sondern auch von starken Partnern an seiner Seite. Deshalb m\u00f6chten wir uns herzlich bei unseren Sponsoren bedanken, die unseren Verein mit gro\u00dfem Engagement unterst\u00fctzen.<\/p>\n\n\n\n<p>Dank Ihrer Hilfe k\u00f6nnen wir den Trainings- und Spielbetrieb aufrechterhalten, unsere Anlagen pflegen sowie die Nachwuchs- und Vereinsarbeit kontinuierlich weiterentwickeln. Diese Unterst\u00fctzung ist ein wichtiger Baustein f\u00fcr ein lebendiges Vereinsleben auf und neben dem Platz.<\/p>\n\n\n\n<p>Wir bedanken uns f\u00fcr das entgegengebrachte Vertrauen und freuen uns auf eine weiterhin erfolgreiche und partnerschaftliche Zusammenarbeit.<\/p>\n\n\n\n<p><strong>Vielen Dank f\u00fcr Ihre Unterst\u00fctzung!<\/strong><\/p>\n\n\n\n<p><\/p>\n\n\n\n<figure class=\"wp-block-gallery has-nested-images columns-default is-cropped wp-block-gallery-1 is-layout-flex wp-block-gallery-is-layout-flex\"><\/figure>\n\n\n\n<figure class=\"wp-block-image size-large is-resized\"><img loading=\"lazy\" decoding=\"async\" width=\"738\" height=\"181\" src=\"https:\/\/www.tv-woringen.de\/wp-content\/uploads\/2026\/01\/WhatsApp-Image-2025-11-18-at-08.59.15-1.1-1.jpeg\" alt=\"\" class=\"wp-image-2798\" style=\"width:444px;height:auto\" srcset=\"https:\/\/www.tv-woringen.de\/wp-content\/uploads\/2026\/01\/WhatsApp-Image-2025-11-18-at-08.59.15-1.1-1.jpeg 738w, https:\/\/www.tv-woringen.de\/wp-content\/uploads\/2026\/01\/WhatsApp-Image-2025-11-18-at-08.59.15-1.1-1-300x74.jpeg 300w, https:\/\/www.tv-woringen.de\/wp-content\/uploads\/2026\/01\/WhatsApp-Image-2025-11-18-at-08.59.15-1.1-1-604x148.jpeg 604w\" sizes=\"auto, (max-width: 738px) 100vw, 738px\" \/><\/figure>\n\n\n\n<figure class=\"wp-block-image size-large is-resized\"><img loading=\"lazy\" decoding=\"async\" width=\"269\" height=\"227\" src=\"https:\/\/www.tv-woringen.de\/wp-content\/uploads\/2026\/01\/Screenshot-2026-01-16-105807-1.png\" alt=\"\" class=\"wp-image-2796\" style=\"width:290px;height:auto\"\/><\/figure>\n\n\n\n<figure class=\"wp-block-image size-large\"><img loading=\"lazy\" decoding=\"async\" width=\"403\" height=\"181\" src=\"https:\/\/www.tv-woringen.de\/wp-content\/uploads\/2026\/01\/Screenshot-2026-01-16-105043-1.png\" alt=\"\" class=\"wp-image-2794\" srcset=\"https:\/\/www.tv-woringen.de\/wp-content\/uploads\/2026\/01\/Screenshot-2026-01-16-105043-1.png 403w, https:\/\/www.tv-woringen.de\/wp-content\/uploads\/2026\/01\/Screenshot-2026-01-16-105043-1-300x135.png 300w\" sizes=\"auto, (max-width: 403px) 100vw, 403px\" \/><\/figure>\n\n\n\n<figure class=\"wp-block-image size-large\"><img loading=\"lazy\" decoding=\"async\" width=\"323\" height=\"168\" src=\"https:\/\/www.tv-woringen.de\/wp-content\/uploads\/2026\/01\/Screenshot-2026-01-16-105237-1.png\" alt=\"\" class=\"wp-image-2797\" srcset=\"https:\/\/www.tv-woringen.de\/wp-content\/uploads\/2026\/01\/Screenshot-2026-01-16-105237-1.png 323w, https:\/\/www.tv-woringen.de\/wp-content\/uploads\/2026\/01\/Screenshot-2026-01-16-105237-1-300x156.png 300w\" sizes=\"auto, (max-width: 323px) 100vw, 323px\" \/><\/figure>\n\n\n\n<figure class=\"wp-block-image size-large is-resized\"><img loading=\"lazy\" decoding=\"async\" width=\"936\" height=\"391\" src=\"https:\/\/www.tv-woringen.de\/wp-content\/uploads\/2026\/01\/Screenshot-2026-01-16-105906-1.png\" alt=\"\" class=\"wp-image-2799\" style=\"width:433px;height:auto\" srcset=\"https:\/\/www.tv-woringen.de\/wp-content\/uploads\/2026\/01\/Screenshot-2026-01-16-105906-1.png 936w, https:\/\/www.tv-woringen.de\/wp-content\/uploads\/2026\/01\/Screenshot-2026-01-16-105906-1-300x125.png 300w, https:\/\/www.tv-woringen.de\/wp-content\/uploads\/2026\/01\/Screenshot-2026-01-16-105906-1-768x321.png 768w, https:\/\/www.tv-woringen.de\/wp-content\/uploads\/2026\/01\/Screenshot-2026-01-16-105906-1-604x252.png 604w\" sizes=\"auto, (max-width: 936px) 100vw, 936px\" \/><\/figure>\n\n\n\n<figure class=\"wp-block-image size-large is-resized\"><img loading=\"lazy\" decoding=\"async\" width=\"738\" height=\"502\" src=\"https:\/\/www.tv-woringen.de\/wp-content\/uploads\/2026\/01\/WhatsApp-Image-2025-11-18-at-08.59.15-4.1-1.jpeg\" alt=\"\" class=\"wp-image-2795\" style=\"width:250px;height:auto\" srcset=\"https:\/\/www.tv-woringen.de\/wp-content\/uploads\/2026\/01\/WhatsApp-Image-2025-11-18-at-08.59.15-4.1-1.jpeg 738w, https:\/\/www.tv-woringen.de\/wp-content\/uploads\/2026\/01\/WhatsApp-Image-2025-11-18-at-08.59.15-4.1-1-300x204.jpeg 300w, https:\/\/www.tv-woringen.de\/wp-content\/uploads\/2026\/01\/WhatsApp-Image-2025-11-18-at-08.59.15-4.1-1-397x270.jpeg 397w\" sizes=\"auto, (max-width: 738px) 100vw, 738px\" \/><\/figure>\n\n\n\n<figure class=\"wp-block-image size-large is-resized\"><img loading=\"lazy\" decoding=\"async\" width=\"212\" height=\"48\" src=\"https:\/\/www.tv-woringen.de\/wp-content\/uploads\/2026\/01\/Screenshot-2026-01-16-105547-1.png\" alt=\"\" class=\"wp-image-2800\" style=\"width:404px;height:auto\"\/><\/figure>\n\n\n\n<figure class=\"wp-block-image size-large is-resized\"><img loading=\"lazy\" decoding=\"async\" width=\"322\" height=\"76\" src=\"https:\/\/www.tv-woringen.de\/wp-content\/uploads\/2026\/01\/Screenshot-2026-01-16-104945-1.png\" alt=\"\" class=\"wp-image-2793\" style=\"width:521px;height:auto\" srcset=\"https:\/\/www.tv-woringen.de\/wp-content\/uploads\/2026\/01\/Screenshot-2026-01-16-104945-1.png 322w, https:\/\/www.tv-woringen.de\/wp-content\/uploads\/2026\/01\/Screenshot-2026-01-16-104945-1-300x71.png 300w\" sizes=\"auto, (max-width: 322px) 100vw, 322px\" \/><\/figure>\n\n\n\n<figure class=\"wp-block-image size-large\"><img loading=\"lazy\" decoding=\"async\" width=\"738\" height=\"115\" src=\"https:\/\/www.tv-woringen.de\/wp-content\/uploads\/2026\/01\/WhatsApp-Image-2025-11-18-at-08.59.15-3.1-1.jpeg\" alt=\"\" class=\"wp-image-2792\" srcset=\"https:\/\/www.tv-woringen.de\/wp-content\/uploads\/2026\/01\/WhatsApp-Image-2025-11-18-at-08.59.15-3.1-1.jpeg 738w, https:\/\/www.tv-woringen.de\/wp-content\/uploads\/2026\/01\/WhatsApp-Image-2025-11-18-at-08.59.15-3.1-1-300x47.jpeg 300w, https:\/\/www.tv-woringen.de\/wp-content\/uploads\/2026\/01\/WhatsApp-Image-2025-11-18-at-08.59.15-3.1-1-604x94.jpeg 604w\" sizes=\"auto, (max-width: 738px) 100vw, 738px\" \/><\/figure>\n","protected":false},"excerpt":{"rendered":"<p>Vielen Dank an unsere Sponsoren Ein erfolgreicher Tennisverein lebt nicht nur vom Einsatz seiner Mitglieder, sondern auch von starken Partnern an seiner Seite. Deshalb m\u00f6chten wir uns herzlich bei unseren Sponsoren bedanken, die unseren Verein mit gro\u00dfem Engagement unterst\u00fctzen. Dank Ihrer Hilfe k\u00f6nnen wir den Trainings- und Spielbetrieb aufrechterhalten, unsere Anlagen pflegen sowie die Nachwuchs- und Vereinsarbeit kontinuierlich weiterentwickeln. Diese Unterst\u00fctzung ist ein wichtiger Baustein f\u00fcr ein lebendiges Vereinsleben auf und neben dem Platz. Wir bedanken uns f\u00fcr das entgegengebrachte&#8230;<\/p>\n<p class=\"read-more\"><a class=\"btn btn-default\" href=\"https:\/\/www.tv-woringen.de\/?page_id=2772\">Weiterlesen<span class=\"screen-reader-text\"> Weiterlesen<\/span><\/a><\/p>\n","protected":false},"author":1,"featured_media":0,"parent":0,"menu_order":0,"comment_status":"closed","ping_status":"closed","template":"","meta":{"footnotes":""},"class_list":["post-2772","page","type-page","status-publish","hentry"],"_links":{"self":[{"href":"https:\/\/www.tv-woringen.de\/index.php?rest_route=\/wp\/v2\/pages\/2772","targetHints":{"allow":["GET"]}}],"collection":[{"href":"https:\/\/www.tv-woringen.de\/index.php?rest_route=\/wp\/v2\/pages"}],"about":[{"href":"https:\/\/www.tv-woringen.de\/index.php?rest_route=\/wp\/v2\/types\/page"}],"author":[{"embeddable":true,"href":"https:\/\/www.tv-woringen.de\/index.php?rest_route=\/wp\/v2\/users\/1"}],"replies":[{"embeddable":true,"href":"https:\/\/www.tv-woringen.de\/index.php?rest_route=%2Fwp%2Fv2%2Fcomments&post=2772"}],"version-history":[{"count":5,"href":"https:\/\/www.tv-woringen.de\/index.php?rest_route=\/wp\/v2\/pages\/2772\/revisions"}],"predecessor-version":[{"id":2801,"href":"https:\/\/www.tv-woringen.de\/index.php?rest_route=\/wp\/v2\/pages\/2772\/revisions\/2801"}],"wp:attachment":[{"href":"https:\/\/www.tv-woringen.de\/index.php?rest_route=%2Fwp%2Fv2%2Fmedia&parent=2772"}],"curies":[{"name":"wp","href":"https:\/\/api.w.org\/{rel}","templated":true}]}}