{"id":80,"date":"2024-04-04T09:32:27","date_gmt":"2024-04-04T09:32:27","guid":{"rendered":"http:\/\/www.tv-woringen.de\/?page_id=80"},"modified":"2024-11-14T02:02:33","modified_gmt":"2024-11-14T02:02:33","slug":"tennis","status":"publish","type":"page","link":"https:\/\/www.tv-woringen.de\/?page_id=80","title":{"rendered":"Tennis"},"content":{"rendered":"\n<p>Herzlichen willkommen bei der Tennis Abteilung des TV Woringen.<br>Am Waldrand von Woringen ist unsere ruhig gelegene, neu renovierte und gem\u00fctliche Tennish\u00fctte mit 3 Sandpl\u00e4tzen zu finden.<br>Bei uns sind Jung und &#8222;Alt&#8220;, alte Hasen oder Neueinsteiger jederzeit willkommen.<br><br>Was gibt es bei uns?<\/p>\n\n\n\n<p>\u2022Teilnahme am Wettspielbetrieb des BTV mit aktuell drei gemeldeten Mannschaften<br>\u2022Tennistraining f\u00fcr Kinder und Jugendliche (ab 7 Jahren) im Sommer<br>\u2022Schnuppertraining f\u00fcr Erwachsene mit 4 Einheiten. Wer m\u00f6chte kann anschlie\u00dfend nat\u00fcrlich gerne weiter machen \ud83d\ude42<br>\u2022Gem\u00fctliche Feste w\u00e4hrend der Saison mit der besten Verpflegung \u00fcberhaupt durch unsere K\u00fcchenfee<\/p>\n\n\n\n<p>Neugierig geworden? Dann komm vorbei! Bei Fragen bitte nicht z\u00f6gern und einfach an ein Mitglied der <a href=\"https:\/\/www.tv-woringen.de\/?page_id=1532\">Vorstandschaft<\/a> wenden.<\/p>\n\n\n\n<p><\/p>\n\n\n\n<p class=\"has-medium-font-size\"><strong>Hier geht es zu unseren aktuellen Mannschaften:<\/strong><\/p>\n\n\n\n<p class=\"has-medium-font-size\"><a href=\"https:\/\/www.tv-woringen.de\/?page_id=1484\" target=\"_blank\" rel=\"noreferrer noopener\">Herrenmannschaft<\/a><br><a href=\"https:\/\/www.tv-woringen.de\/?page_id=1488\" target=\"_blank\" rel=\"noreferrer noopener\">Damenmannschaft<\/a><br><a href=\"https:\/\/www.tv-woringen.de\/?page_id=1492\" target=\"_blank\" rel=\"noreferrer noopener\">Jugend<\/a><\/p>\n\n\n\n<p><\/p>\n","protected":false},"excerpt":{"rendered":"<p>Herzlichen willkommen bei der Tennis Abteilung des TV Woringen.Am Waldrand von Woringen ist unsere ruhig gelegene, neu renovierte und gem\u00fctliche Tennish\u00fctte mit 3 Sandpl\u00e4tzen zu finden.Bei uns sind Jung und &#8222;Alt&#8220;, alte Hasen oder Neueinsteiger jederzeit willkommen. Was gibt es bei uns? \u2022Teilnahme am Wettspielbetrieb des BTV mit aktuell drei gemeldeten Mannschaften\u2022Tennistraining f\u00fcr Kinder und Jugendliche (ab 7 Jahren) im Sommer\u2022Schnuppertraining f\u00fcr Erwachsene mit 4 Einheiten. Wer m\u00f6chte kann anschlie\u00dfend nat\u00fcrlich gerne weiter machen \ud83d\ude42\u2022Gem\u00fctliche Feste w\u00e4hrend der Saison mit&#8230;<\/p>\n<p class=\"read-more\"><a class=\"btn btn-default\" href=\"https:\/\/www.tv-woringen.de\/?page_id=80\">Weiterlesen<span class=\"screen-reader-text\"> Weiterlesen<\/span><\/a><\/p>\n","protected":false},"author":1,"featured_media":0,"parent":0,"menu_order":0,"comment_status":"closed","ping_status":"closed","template":"","meta":{"footnotes":""},"class_list":["post-80","page","type-page","status-publish","hentry"],"_links":{"self":[{"href":"https:\/\/www.tv-woringen.de\/index.php?rest_route=\/wp\/v2\/pages\/80","targetHints":{"allow":["GET"]}}],"collection":[{"href":"https:\/\/www.tv-woringen.de\/index.php?rest_route=\/wp\/v2\/pages"}],"about":[{"href":"https:\/\/www.tv-woringen.de\/index.php?rest_route=\/wp\/v2\/types\/page"}],"author":[{"embeddable":true,"href":"https:\/\/www.tv-woringen.de\/index.php?rest_route=\/wp\/v2\/users\/1"}],"replies":[{"embeddable":true,"href":"https:\/\/www.tv-woringen.de\/index.php?rest_route=%2Fwp%2Fv2%2Fcomments&post=80"}],"version-history":[{"count":13,"href":"https:\/\/www.tv-woringen.de\/index.php?rest_route=\/wp\/v2\/pages\/80\/revisions"}],"predecessor-version":[{"id":1859,"href":"https:\/\/www.tv-woringen.de\/index.php?rest_route=\/wp\/v2\/pages\/80\/revisions\/1859"}],"wp:attachment":[{"href":"https:\/\/www.tv-woringen.de\/index.php?rest_route=%2Fwp%2Fv2%2Fmedia&parent=80"}],"curies":[{"name":"wp","href":"https:\/\/api.w.org\/{rel}","templated":true}]}}