{"id":83,"date":"2024-04-04T09:32:27","date_gmt":"2024-04-04T09:32:27","guid":{"rendered":"http:\/\/www.tv-woringen.de\/?page_id=83"},"modified":"2025-05-06T16:34:18","modified_gmt":"2025-05-06T16:34:18","slug":"gymnastik","status":"publish","type":"page","link":"https:\/\/www.tv-woringen.de\/?page_id=83","title":{"rendered":"Gymnastic"},"content":{"rendered":"\n<h2 class=\"wp-block-heading has-medium-font-size\">Willkommen bei der Gymnastikabteilung des TV Woringen<\/h2>\n\n\n\n<p><\/p>\n\n\n\n<p>Wir bieten Angebote in vielen Bereichen \u2013 f\u00fcr jedes Alter ist etwas dabei. <br>Ob Yoga, Kinderturnen, Damengymnastik, Jumping Fitness oder Step\/Pilates, bei uns findest du das passende Programm. Unsere erfahrenen \u00dcbungsleiterinnen sorgen daf\u00fcr, dass du viel Spa\u00df hast und dich wohlf\u00fchlst.<\/p>\n\n\n\n<p>Wir freuen uns, dich bei uns begr\u00fc\u00dfen zu k\u00f6nnen! Kontakte, \u00dcbungszeiten und Termine kannst du bitte auf den folgenden Seiten entnehmen:<br><br><a href=\"https:\/\/www.tv-woringen.de\/?page_id=2127\" target=\"_blank\" rel=\"noreferrer noopener\">Kontakte und \u00dcbungszeiten \u2013 TV-Woringen<\/a><\/p>\n\n\n\n<p><a href=\"https:\/\/www.tv-woringen.de\/?page_id=2141\" target=\"_blank\" rel=\"noreferrer noopener\">Termine \u2013 TV-Woringen<\/a><\/p>\n\n\n\n<hr class=\"wp-block-separator has-text-color has-white-color has-alpha-channel-opacity has-white-background-color has-background is-style-dots\"\/>\n\n\n\n<p><\/p>\n","protected":false},"excerpt":{"rendered":"<p>Willkommen bei der Gymnastikabteilung des TV Woringen Wir bieten Angebote in vielen Bereichen \u2013 f\u00fcr jedes Alter ist etwas dabei. Ob Yoga, Kinderturnen, Damengymnastik, Jumping Fitness oder Step\/Pilates, bei uns findest du das passende Programm. Unsere erfahrenen \u00dcbungsleiterinnen sorgen daf\u00fcr, dass du viel Spa\u00df hast und dich wohlf\u00fchlst. Wir freuen uns, dich bei uns begr\u00fc\u00dfen zu k\u00f6nnen! Kontakte, \u00dcbungszeiten und Termine kannst du bitte auf den folgenden Seiten entnehmen: Kontakte und \u00dcbungszeiten \u2013 TV-Woringen Termine \u2013 TV-Woringen<\/p>\n","protected":false},"author":1,"featured_media":0,"parent":0,"menu_order":0,"comment_status":"closed","ping_status":"closed","template":"","meta":{"footnotes":""},"class_list":["post-83","page","type-page","status-publish","hentry"],"_links":{"self":[{"href":"https:\/\/www.tv-woringen.de\/index.php?rest_route=\/wp\/v2\/pages\/83","targetHints":{"allow":["GET"]}}],"collection":[{"href":"https:\/\/www.tv-woringen.de\/index.php?rest_route=\/wp\/v2\/pages"}],"about":[{"href":"https:\/\/www.tv-woringen.de\/index.php?rest_route=\/wp\/v2\/types\/page"}],"author":[{"embeddable":true,"href":"https:\/\/www.tv-woringen.de\/index.php?rest_route=\/wp\/v2\/users\/1"}],"replies":[{"embeddable":true,"href":"https:\/\/www.tv-woringen.de\/index.php?rest_route=%2Fwp%2Fv2%2Fcomments&post=83"}],"version-history":[{"count":35,"href":"https:\/\/www.tv-woringen.de\/index.php?rest_route=\/wp\/v2\/pages\/83\/revisions"}],"predecessor-version":[{"id":2167,"href":"https:\/\/www.tv-woringen.de\/index.php?rest_route=\/wp\/v2\/pages\/83\/revisions\/2167"}],"wp:attachment":[{"href":"https:\/\/www.tv-woringen.de\/index.php?rest_route=%2Fwp%2Fv2%2Fmedia&parent=83"}],"curies":[{"name":"wp","href":"https:\/\/api.w.org\/{rel}","templated":true}]}}